{"id":11165,"date":"2022-12-18T23:31:04","date_gmt":"2022-12-18T23:31:04","guid":{"rendered":"https:\/\/lxroller.westshore.solutions\/portfolio\/"},"modified":"2026-03-03T19:32:27","modified_gmt":"2026-03-03T19:32:27","slug":"portfolio","status":"publish","type":"page","link":"https:\/\/lxroller.com\/en\/portfolio\/","title":{"rendered":"Portfolio"},"content":{"rendered":"\t\t<div data-elementor-type=\"wp-page\" data-elementor-id=\"11165\" class=\"elementor elementor-11165 elementor-4670\">\n\t\t\t\t\t\t<section class=\"elementor-section elementor-top-section elementor-element elementor-element-da90303 elementor-section-full_width elementor-section-height-default elementor-section-height-default qodef-elementor-content-no qodef-elementor-column-no\" data-id=\"da90303\" data-element_type=\"section\" data-e-type=\"section\">\n\t\t\t\t\t\t<div class=\"elementor-container elementor-column-gap-default\">\n\t\t\t\t\t<div class=\"elementor-column elementor-col-100 elementor-top-column elementor-element elementor-element-18670ef\" data-id=\"18670ef\" data-element_type=\"column\" data-e-type=\"column\">\n\t\t\t<div class=\"elementor-widget-wrap elementor-element-populated\">\n\t\t\t\t\t\t<div class=\"elementor-element elementor-element-ae5a92d elementor-widget elementor-widget-hiroshi_core_portfolio_list\" data-id=\"ae5a92d\" data-element_type=\"widget\" data-e-type=\"widget\" data-widget_type=\"hiroshi_core_portfolio_list.default\">\n\t\t\t\t<div class=\"elementor-widget-container\">\n\t\t\t\t\t<div class=\"qodef-shortcode qodef-m qodef-portfolio-list qodef-item-layout--info-below qodef-grid qodef-layout--columns qodef-gutter--normal qodef-col-num--3 qodef-item-layout--info-below qodef-filter--on qodef-pagination--on qodef-pagination-type--load-more qodef-responsive--predefined qodef-swiper--show-pagination qodef-hover-animation--move-text\" data-options=\"{&quot;plugin&quot;:&quot;hiroshi_core&quot;,&quot;module&quot;:&quot;post-types\\\/portfolio\\\/shortcodes&quot;,&quot;shortcode&quot;:&quot;portfolio-list&quot;,&quot;post_type&quot;:&quot;portfolio-item&quot;,&quot;next_page&quot;:&quot;2&quot;,&quot;max_pages_num&quot;:5,&quot;behavior&quot;:&quot;columns&quot;,&quot;images_proportion&quot;:&quot;hiroshi_core_image_size_square&quot;,&quot;columns&quot;:&quot;3&quot;,&quot;columns_responsive&quot;:&quot;predefined&quot;,&quot;columns_1440&quot;:&quot;3&quot;,&quot;columns_1366&quot;:&quot;3&quot;,&quot;columns_1024&quot;:&quot;3&quot;,&quot;columns_768&quot;:&quot;3&quot;,&quot;columns_680&quot;:&quot;3&quot;,&quot;columns_480&quot;:&quot;3&quot;,&quot;space&quot;:&quot;normal&quot;,&quot;slider_pagination_type&quot;:&quot;fraction&quot;,&quot;posts_per_page&quot;:&quot;8&quot;,&quot;orderby&quot;:&quot;date&quot;,&quot;order&quot;:&quot;ASC&quot;,&quot;layout&quot;:&quot;info-below&quot;,&quot;hover_animation_info-below&quot;:&quot;move-text&quot;,&quot;hover_animation_info-follow&quot;:&quot;follow&quot;,&quot;hover_animation_info-on-hover&quot;:&quot;fade-in&quot;,&quot;title_tag&quot;:&quot;h5&quot;,&quot;enable_category&quot;:&quot;yes&quot;,&quot;zigzag&quot;:&quot;no&quot;,&quot;custom_margin&quot;:&quot;no&quot;,&quot;enable_appear&quot;:&quot;no&quot;,&quot;enable_filter&quot;:&quot;yes&quot;,&quot;pagination_type&quot;:&quot;load-more&quot;,&quot;object_class_name&quot;:&quot;HiroshiCore_Portfolio_List_Shortcode&quot;,&quot;taxonomy_filter&quot;:&quot;portfolio-category&quot;,&quot;additional_query_args&quot;:[],&quot;space_value&quot;:15}\">\n\t\t<div class=\"qodef-m-filter\">\n\t\t\t\t\t<div class=\"qodef-m-filter-items\">\n\t\t\t\t<a class=\"qodef-m-filter-item qodef--active\" href=\"#\" data-taxonomy=\"portfolio-category\" data-filter=\"*\">\n\t\t\t\t\t<span class=\"qodef-m-filter-item-name\">Show All<\/span>\n\t\t\t\t<\/a>\n\t\t\t\t\t\t\t\t\t<a class=\"qodef-m-filter-item\" href=\"#\" data-taxonomy=\"portfolio-category\" data-filter=\"decoration\">\n\t\t\t\t\t\t<span class=\"qodef-m-filter-item-name\">Decoration<\/span>\n\t\t\t\t\t<\/a>\n\t\t\t\t\t\t\t\t\t<a class=\"qodef-m-filter-item\" href=\"#\" data-taxonomy=\"portfolio-category\" data-filter=\"inn\">\n\t\t\t\t\t\t<span class=\"qodef-m-filter-item-name\">Inn<\/span>\n\t\t\t\t\t<\/a>\n\t\t\t\t\t\t\t\t\t<a class=\"qodef-m-filter-item\" href=\"#\" data-taxonomy=\"portfolio-category\" data-filter=\"projects-construction\">\n\t\t\t\t\t\t<span class=\"qodef-m-filter-item-name\">Projects &amp; Construction<\/span>\n\t\t\t\t\t<\/a>\n\t\t\t\t\t\t\t\t\t<a class=\"qodef-m-filter-item\" href=\"#\" data-taxonomy=\"portfolio-category\" data-filter=\"real-estate\">\n\t\t\t\t\t\t<span class=\"qodef-m-filter-item-name\">Real Estate<\/span>\n\t\t\t\t\t<\/a>\n\t\t\t\t\t\t\t<\/div>\n\t\t\t<\/div>\n\t\t<div class=\"qodef-grid-inner clear\">\n\t\t<article class=\"qodef-e qodef-grid-item qodef-item--square  post-11893 portfolio-item type-portfolio-item status-publish has-post-thumbnail hentry portfolio-category-projects-construction portfolio-tag-apartment\">\n\t<div class=\"qodef-e-inner\" >\n\t\t<div class=\"qodef-e-image\">\n\t\t\t\t<div class=\"qodef-e-media-image\">\n\t\t<a itemprop=\"url\" href=\"https:\/\/lxroller.com\/en\/portfolio-item\/2-bedroom-apartament-belem\/\" target=\"_self\">\n\t\t\t<img fetchpriority=\"high\" decoding=\"async\" width=\"650\" height=\"650\" src=\"https:\/\/lxroller.com\/wp-content\/uploads\/2026\/02\/PFM_5542-650x650.jpg\" class=\"attachment-hiroshi_core_image_size_square size-hiroshi_core_image_size_square wp-post-image\" alt=\"\" srcset=\"https:\/\/lxroller.com\/wp-content\/uploads\/2026\/02\/PFM_5542-650x650.jpg 650w, https:\/\/lxroller.com\/wp-content\/uploads\/2026\/02\/PFM_5542-150x150.jpg 150w, https:\/\/lxroller.com\/wp-content\/uploads\/2026\/02\/PFM_5542-1300x1300.jpg 1300w, https:\/\/lxroller.com\/wp-content\/uploads\/2026\/02\/PFM_5542-300x300.jpg 300w, https:\/\/lxroller.com\/wp-content\/uploads\/2026\/02\/PFM_5542-100x100.jpg 100w\" sizes=\"(max-width: 650px) 100vw, 650px\" \/>\t\t<\/a>\n\t<\/div>\n\t\t\t\t\t<\/div>\n\t\t<div class=\"qodef-e-content\" >\n\t\t\t<div class=\"qodef-e-text\">\n\t\t\t\t<h5 itemprop=\"name\" class=\"qodef-e-title entry-title\" >\n\t<a itemprop=\"url\" class=\"qodef-e-title-link\" href=\"https:\/\/lxroller.com\/en\/portfolio-item\/2-bedroom-apartament-belem\/\" target=\"_self\">\n\t\t2 BEDROOM APARTAMENT BEL\u00c9M\t<\/a>\n<\/h5>\n\t\t\t<\/div>\n\t\t\t<div class=\"qodef-e-top-holder\">\n\t\t\t\t<div class=\"qodef-e-info\">\n\t\t\t\t\t\t<a href=\"https:\/\/lxroller.com\/en\/portfolio-category\/projects-construction\/\" rel=\"tag\">Projects &amp; Construction<\/a>\t<div class=\"qodef-info-separator-end\"><\/div>\n\t\t\t\t<\/div>\n\t\t\t<\/div>\n\t\t<\/div>\n\t<\/div>\n<\/article>\n<article class=\"qodef-e qodef-grid-item qodef-item--square  post-11863 portfolio-item type-portfolio-item status-publish has-post-thumbnail hentry portfolio-category-projects-construction portfolio-tag-apartment\">\n\t<div class=\"qodef-e-inner\" >\n\t\t<div class=\"qodef-e-image\">\n\t\t\t\t<div class=\"qodef-e-media-image\">\n\t\t<a itemprop=\"url\" href=\"https:\/\/lxroller.com\/en\/portfolio-item\/predio-unifamiliar-carnide\/\" target=\"_self\">\n\t\t\t<img decoding=\"async\" width=\"650\" height=\"650\" src=\"https:\/\/lxroller.com\/wp-content\/uploads\/2026\/02\/20160211_00132-650x650.jpg\" class=\"attachment-hiroshi_core_image_size_square size-hiroshi_core_image_size_square wp-post-image\" alt=\"\" srcset=\"https:\/\/lxroller.com\/wp-content\/uploads\/2026\/02\/20160211_00132-650x650.jpg 650w, https:\/\/lxroller.com\/wp-content\/uploads\/2026\/02\/20160211_00132-150x150.jpg 150w, https:\/\/lxroller.com\/wp-content\/uploads\/2026\/02\/20160211_00132-1300x1300.jpg 1300w, https:\/\/lxroller.com\/wp-content\/uploads\/2026\/02\/20160211_00132-300x300.jpg 300w, https:\/\/lxroller.com\/wp-content\/uploads\/2026\/02\/20160211_00132-100x100.jpg 100w\" sizes=\"(max-width: 650px) 100vw, 650px\" \/>\t\t<\/a>\n\t<\/div>\n\t\t\t\t\t<\/div>\n\t\t<div class=\"qodef-e-content\" >\n\t\t\t<div class=\"qodef-e-text\">\n\t\t\t\t<h5 itemprop=\"name\" class=\"qodef-e-title entry-title\" >\n\t<a itemprop=\"url\" class=\"qodef-e-title-link\" href=\"https:\/\/lxroller.com\/en\/portfolio-item\/predio-unifamiliar-carnide\/\" target=\"_self\">\n\t\tSINGLE-FAMILY BUILDING &#8211; CARNIDE\t<\/a>\n<\/h5>\n\t\t\t<\/div>\n\t\t\t<div class=\"qodef-e-top-holder\">\n\t\t\t\t<div class=\"qodef-e-info\">\n\t\t\t\t\t\t<a href=\"https:\/\/lxroller.com\/en\/portfolio-category\/projects-construction\/\" rel=\"tag\">Projects &amp; Construction<\/a>\t<div class=\"qodef-info-separator-end\"><\/div>\n\t\t\t\t<\/div>\n\t\t\t<\/div>\n\t\t<\/div>\n\t<\/div>\n<\/article>\n<article class=\"qodef-e qodef-grid-item qodef-item--square  post-11846 portfolio-item type-portfolio-item status-publish has-post-thumbnail hentry portfolio-category-projects-construction portfolio-tag-apartment\">\n\t<div class=\"qodef-e-inner\" >\n\t\t<div class=\"qodef-e-image\">\n\t\t\t\t<div class=\"qodef-e-media-image\">\n\t\t<a itemprop=\"url\" href=\"https:\/\/lxroller.com\/en\/portfolio-item\/1-bedroom-apartament-parreiras\/\" target=\"_self\">\n\t\t\t<img decoding=\"async\" width=\"650\" height=\"650\" src=\"https:\/\/lxroller.com\/wp-content\/uploads\/2026\/02\/20160203_00043-650x650.jpg\" class=\"attachment-hiroshi_core_image_size_square size-hiroshi_core_image_size_square wp-post-image\" alt=\"\" srcset=\"https:\/\/lxroller.com\/wp-content\/uploads\/2026\/02\/20160203_00043-650x650.jpg 650w, https:\/\/lxroller.com\/wp-content\/uploads\/2026\/02\/20160203_00043-150x150.jpg 150w, https:\/\/lxroller.com\/wp-content\/uploads\/2026\/02\/20160203_00043-1300x1300.jpg 1300w, https:\/\/lxroller.com\/wp-content\/uploads\/2026\/02\/20160203_00043-300x300.jpg 300w, https:\/\/lxroller.com\/wp-content\/uploads\/2026\/02\/20160203_00043-100x100.jpg 100w\" sizes=\"(max-width: 650px) 100vw, 650px\" \/>\t\t<\/a>\n\t<\/div>\n\t\t\t\t\t<\/div>\n\t\t<div class=\"qodef-e-content\" >\n\t\t\t<div class=\"qodef-e-text\">\n\t\t\t\t<h5 itemprop=\"name\" class=\"qodef-e-title entry-title\" >\n\t<a itemprop=\"url\" class=\"qodef-e-title-link\" href=\"https:\/\/lxroller.com\/en\/portfolio-item\/1-bedroom-apartament-parreiras\/\" target=\"_self\">\n\t\t1 BEDROOM APARTAMENT PARREIRAS\t<\/a>\n<\/h5>\n\t\t\t<\/div>\n\t\t\t<div class=\"qodef-e-top-holder\">\n\t\t\t\t<div class=\"qodef-e-info\">\n\t\t\t\t\t\t<a href=\"https:\/\/lxroller.com\/en\/portfolio-category\/projects-construction\/\" rel=\"tag\">Projects &amp; Construction<\/a>\t<div class=\"qodef-info-separator-end\"><\/div>\n\t\t\t\t<\/div>\n\t\t\t<\/div>\n\t\t<\/div>\n\t<\/div>\n<\/article>\n<article class=\"qodef-e qodef-grid-item qodef-item--square  post-11783 portfolio-item type-portfolio-item status-publish has-post-thumbnail hentry portfolio-category-projects-construction portfolio-tag-apartment\">\n\t<div class=\"qodef-e-inner\" >\n\t\t<div class=\"qodef-e-image\">\n\t\t\t\t<div class=\"qodef-e-media-image\">\n\t\t<a itemprop=\"url\" href=\"https:\/\/lxroller.com\/en\/portfolio-item\/3-bedroom-apartament-intendente\/\" target=\"_self\">\n\t\t\t<img loading=\"lazy\" decoding=\"async\" width=\"650\" height=\"650\" src=\"https:\/\/lxroller.com\/wp-content\/uploads\/2026\/02\/20160211_00078-650x650.jpg\" class=\"attachment-hiroshi_core_image_size_square size-hiroshi_core_image_size_square wp-post-image\" alt=\"\" srcset=\"https:\/\/lxroller.com\/wp-content\/uploads\/2026\/02\/20160211_00078-650x650.jpg 650w, https:\/\/lxroller.com\/wp-content\/uploads\/2026\/02\/20160211_00078-150x150.jpg 150w, https:\/\/lxroller.com\/wp-content\/uploads\/2026\/02\/20160211_00078-1300x1300.jpg 1300w, https:\/\/lxroller.com\/wp-content\/uploads\/2026\/02\/20160211_00078-300x300.jpg 300w, https:\/\/lxroller.com\/wp-content\/uploads\/2026\/02\/20160211_00078-100x100.jpg 100w\" sizes=\"(max-width: 650px) 100vw, 650px\" \/>\t\t<\/a>\n\t<\/div>\n\t\t\t\t\t<\/div>\n\t\t<div class=\"qodef-e-content\" >\n\t\t\t<div class=\"qodef-e-text\">\n\t\t\t\t<h5 itemprop=\"name\" class=\"qodef-e-title entry-title\" >\n\t<a itemprop=\"url\" class=\"qodef-e-title-link\" href=\"https:\/\/lxroller.com\/en\/portfolio-item\/3-bedroom-apartament-intendente\/\" target=\"_self\">\n\t\t3 BEDROOM APARTAMENT INTENDENTE\t<\/a>\n<\/h5>\n\t\t\t<\/div>\n\t\t\t<div class=\"qodef-e-top-holder\">\n\t\t\t\t<div class=\"qodef-e-info\">\n\t\t\t\t\t\t<a href=\"https:\/\/lxroller.com\/en\/portfolio-category\/projects-construction\/\" rel=\"tag\">Projects &amp; Construction<\/a>\t<div class=\"qodef-info-separator-end\"><\/div>\n\t\t\t\t<\/div>\n\t\t\t<\/div>\n\t\t<\/div>\n\t<\/div>\n<\/article>\n<article class=\"qodef-e qodef-grid-item qodef-item--square  post-11745 portfolio-item type-portfolio-item status-publish has-post-thumbnail hentry portfolio-category-decoration portfolio-tag-apartment\">\n\t<div class=\"qodef-e-inner\" >\n\t\t<div class=\"qodef-e-image\">\n\t\t\t\t<div class=\"qodef-e-media-image\">\n\t\t<a itemprop=\"url\" href=\"https:\/\/lxroller.com\/en\/portfolio-item\/2-bedroom-apartament-defensores-de-chaves\/\" target=\"_self\">\n\t\t\t<img loading=\"lazy\" decoding=\"async\" width=\"650\" height=\"650\" src=\"https:\/\/lxroller.com\/wp-content\/uploads\/2026\/02\/20160203_00033-650x650.jpg\" class=\"attachment-hiroshi_core_image_size_square size-hiroshi_core_image_size_square wp-post-image\" alt=\"\" srcset=\"https:\/\/lxroller.com\/wp-content\/uploads\/2026\/02\/20160203_00033-650x650.jpg 650w, https:\/\/lxroller.com\/wp-content\/uploads\/2026\/02\/20160203_00033-150x150.jpg 150w, https:\/\/lxroller.com\/wp-content\/uploads\/2026\/02\/20160203_00033-1300x1300.jpg 1300w, https:\/\/lxroller.com\/wp-content\/uploads\/2026\/02\/20160203_00033-300x300.jpg 300w, https:\/\/lxroller.com\/wp-content\/uploads\/2026\/02\/20160203_00033-100x100.jpg 100w\" sizes=\"(max-width: 650px) 100vw, 650px\" \/>\t\t<\/a>\n\t<\/div>\n\t\t\t\t\t<\/div>\n\t\t<div class=\"qodef-e-content\" >\n\t\t\t<div class=\"qodef-e-text\">\n\t\t\t\t<h5 itemprop=\"name\" class=\"qodef-e-title entry-title\" >\n\t<a itemprop=\"url\" class=\"qodef-e-title-link\" href=\"https:\/\/lxroller.com\/en\/portfolio-item\/2-bedroom-apartament-defensores-de-chaves\/\" target=\"_self\">\n\t\t2 BEDROOM APARTAMENT DEFENSORES DE CHAVES\t<\/a>\n<\/h5>\n\t\t\t<\/div>\n\t\t\t<div class=\"qodef-e-top-holder\">\n\t\t\t\t<div class=\"qodef-e-info\">\n\t\t\t\t\t\t<a href=\"https:\/\/lxroller.com\/en\/portfolio-category\/decoration\/\" rel=\"tag\">Decoration<\/a>\t<div class=\"qodef-info-separator-end\"><\/div>\n\t\t\t\t<\/div>\n\t\t\t<\/div>\n\t\t<\/div>\n\t<\/div>\n<\/article>\n<article class=\"qodef-e qodef-grid-item qodef-item--square  post-11730 portfolio-item type-portfolio-item status-publish has-post-thumbnail hentry portfolio-category-projects-construction portfolio-tag-apartment\">\n\t<div class=\"qodef-e-inner\" >\n\t\t<div class=\"qodef-e-image\">\n\t\t\t\t<div class=\"qodef-e-media-image\">\n\t\t<a itemprop=\"url\" href=\"https:\/\/lxroller.com\/en\/portfolio-item\/3-bedroom-apartament-almirante-reis\/\" target=\"_self\">\n\t\t\t<img loading=\"lazy\" decoding=\"async\" width=\"650\" height=\"650\" src=\"https:\/\/lxroller.com\/wp-content\/uploads\/2026\/02\/DSC03518-650x650.jpg\" class=\"attachment-hiroshi_core_image_size_square size-hiroshi_core_image_size_square wp-post-image\" alt=\"\" srcset=\"https:\/\/lxroller.com\/wp-content\/uploads\/2026\/02\/DSC03518-650x650.jpg 650w, https:\/\/lxroller.com\/wp-content\/uploads\/2026\/02\/DSC03518-150x150.jpg 150w, https:\/\/lxroller.com\/wp-content\/uploads\/2026\/02\/DSC03518-1300x1300.jpg 1300w, https:\/\/lxroller.com\/wp-content\/uploads\/2026\/02\/DSC03518-300x300.jpg 300w, https:\/\/lxroller.com\/wp-content\/uploads\/2026\/02\/DSC03518-100x100.jpg 100w\" sizes=\"(max-width: 650px) 100vw, 650px\" \/>\t\t<\/a>\n\t<\/div>\n\t\t\t\t\t<\/div>\n\t\t<div class=\"qodef-e-content\" >\n\t\t\t<div class=\"qodef-e-text\">\n\t\t\t\t<h5 itemprop=\"name\" class=\"qodef-e-title entry-title\" >\n\t<a itemprop=\"url\" class=\"qodef-e-title-link\" href=\"https:\/\/lxroller.com\/en\/portfolio-item\/3-bedroom-apartament-almirante-reis\/\" target=\"_self\">\n\t\t3 BEDROOM APARTAMENT &#8211; ALMIRANTE REIS\t<\/a>\n<\/h5>\n\t\t\t<\/div>\n\t\t\t<div class=\"qodef-e-top-holder\">\n\t\t\t\t<div class=\"qodef-e-info\">\n\t\t\t\t\t\t<a href=\"https:\/\/lxroller.com\/en\/portfolio-category\/projects-construction\/\" rel=\"tag\">Projects &amp; Construction<\/a>\t<div class=\"qodef-info-separator-end\"><\/div>\n\t\t\t\t<\/div>\n\t\t\t<\/div>\n\t\t<\/div>\n\t<\/div>\n<\/article>\n<article class=\"qodef-e qodef-grid-item qodef-item--square  post-11701 portfolio-item type-portfolio-item status-publish has-post-thumbnail hentry portfolio-category-projects-construction portfolio-tag-apartment\">\n\t<div class=\"qodef-e-inner\" >\n\t\t<div class=\"qodef-e-image\">\n\t\t\t\t<div class=\"qodef-e-media-image\">\n\t\t<a itemprop=\"url\" href=\"https:\/\/lxroller.com\/en\/portfolio-item\/3-bedroom-apartament-alvalade-project-only\/\" target=\"_self\">\n\t\t\t<img loading=\"lazy\" decoding=\"async\" width=\"650\" height=\"650\" src=\"https:\/\/lxroller.com\/wp-content\/uploads\/2026\/02\/corr09-650x650.jpg\" class=\"attachment-hiroshi_core_image_size_square size-hiroshi_core_image_size_square wp-post-image\" alt=\"\" srcset=\"https:\/\/lxroller.com\/wp-content\/uploads\/2026\/02\/corr09-650x650.jpg 650w, https:\/\/lxroller.com\/wp-content\/uploads\/2026\/02\/corr09-150x150.jpg 150w, https:\/\/lxroller.com\/wp-content\/uploads\/2026\/02\/corr09-300x300.jpg 300w, https:\/\/lxroller.com\/wp-content\/uploads\/2026\/02\/corr09-100x100.jpg 100w\" sizes=\"(max-width: 650px) 100vw, 650px\" \/>\t\t<\/a>\n\t<\/div>\n\t\t\t\t\t<\/div>\n\t\t<div class=\"qodef-e-content\" >\n\t\t\t<div class=\"qodef-e-text\">\n\t\t\t\t<h5 itemprop=\"name\" class=\"qodef-e-title entry-title\" >\n\t<a itemprop=\"url\" class=\"qodef-e-title-link\" href=\"https:\/\/lxroller.com\/en\/portfolio-item\/3-bedroom-apartament-alvalade-project-only\/\" target=\"_self\">\n\t\t3 BEDROOM APARTAMENT ALVALADE &#8211; PROJECT ONLY\t<\/a>\n<\/h5>\n\t\t\t<\/div>\n\t\t\t<div class=\"qodef-e-top-holder\">\n\t\t\t\t<div class=\"qodef-e-info\">\n\t\t\t\t\t\t<a href=\"https:\/\/lxroller.com\/en\/portfolio-category\/projects-construction\/\" rel=\"tag\">Projects &amp; Construction<\/a>\t<div class=\"qodef-info-separator-end\"><\/div>\n\t\t\t\t<\/div>\n\t\t\t<\/div>\n\t\t<\/div>\n\t<\/div>\n<\/article>\n<article class=\"qodef-e qodef-grid-item qodef-item--square  post-11821 portfolio-item type-portfolio-item status-publish has-post-thumbnail hentry portfolio-category-decoration portfolio-tag-apartment\">\n\t<div class=\"qodef-e-inner\" >\n\t\t<div class=\"qodef-e-image\">\n\t\t\t\t<div class=\"qodef-e-media-image\">\n\t\t<a itemprop=\"url\" href=\"https:\/\/lxroller.com\/en\/portfolio-item\/1-bedroom-apartament-av-5-outubro\/\" target=\"_self\">\n\t\t\t<img loading=\"lazy\" decoding=\"async\" width=\"650\" height=\"650\" src=\"https:\/\/lxroller.com\/wp-content\/uploads\/2026\/02\/20160718_00006-650x650.jpg\" class=\"attachment-hiroshi_core_image_size_square size-hiroshi_core_image_size_square wp-post-image\" alt=\"\" srcset=\"https:\/\/lxroller.com\/wp-content\/uploads\/2026\/02\/20160718_00006-650x650.jpg 650w, https:\/\/lxroller.com\/wp-content\/uploads\/2026\/02\/20160718_00006-150x150.jpg 150w, https:\/\/lxroller.com\/wp-content\/uploads\/2026\/02\/20160718_00006-1300x1300.jpg 1300w, https:\/\/lxroller.com\/wp-content\/uploads\/2026\/02\/20160718_00006-300x300.jpg 300w, https:\/\/lxroller.com\/wp-content\/uploads\/2026\/02\/20160718_00006-100x100.jpg 100w\" sizes=\"(max-width: 650px) 100vw, 650px\" \/>\t\t<\/a>\n\t<\/div>\n\t\t\t\t\t<\/div>\n\t\t<div class=\"qodef-e-content\" >\n\t\t\t<div class=\"qodef-e-text\">\n\t\t\t\t<h5 itemprop=\"name\" class=\"qodef-e-title entry-title\" >\n\t<a itemprop=\"url\" class=\"qodef-e-title-link\" href=\"https:\/\/lxroller.com\/en\/portfolio-item\/1-bedroom-apartament-av-5-outubro\/\" target=\"_self\">\n\t\t1 BEDROOM APARTAMENT AV 5 OUTUBRO\t<\/a>\n<\/h5>\n\t\t\t<\/div>\n\t\t\t<div class=\"qodef-e-top-holder\">\n\t\t\t\t<div class=\"qodef-e-info\">\n\t\t\t\t\t\t<a href=\"https:\/\/lxroller.com\/en\/portfolio-category\/decoration\/\" rel=\"tag\">Decoration<\/a>\t<div class=\"qodef-info-separator-end\"><\/div>\n\t\t\t\t<\/div>\n\t\t\t<\/div>\n\t\t<\/div>\n\t<\/div>\n<\/article>\n\t<\/div>\n\t\t<div class=\"qodef-m-pagination qodef--load-more\" >\n\t\t<div class=\"qodef-m-pagination-inner\">\n\t\t\t<a class=\"qodef-shortcode qodef-m qodef-load-more-button qodef-button qodef-layout--filled qodef-html--link\" href=\"#\" target=\"_self\"  >\t<span class=\"qodef-m-text\">Load More<\/span><\/a>\t\t<\/div>\n\t<\/div>\n\t<svg class=\"qodef-svg--spinner qodef-m-pagination-spinner\" xmlns=\"http:\/\/www.w3.org\/2000\/svg\" width=\"512\" height=\"512\" viewBox=\"0 0 512 512\"><path d=\"M304 48c0 26.51-21.49 48-48 48s-48-21.49-48-48 21.49-48 48-48 48 21.49 48 48zm-48 368c-26.51 0-48 21.49-48 48s21.49 48 48 48 48-21.49 48-48-21.49-48-48-48zm208-208c-26.51 0-48 21.49-48 48s21.49 48 48 48 48-21.49 48-48-21.49-48-48-48zM96 256c0-26.51-21.49-48-48-48S0 229.49 0 256s21.49 48 48 48 48-21.49 48-48zm12.922 99.078c-26.51 0-48 21.49-48 48s21.49 48 48 48 48-21.49 48-48c0-26.509-21.491-48-48-48zm294.156 0c-26.51 0-48 21.49-48 48s21.49 48 48 48 48-21.49 48-48c0-26.509-21.49-48-48-48zM108.922 60.922c-26.51 0-48 21.49-48 48s21.49 48 48 48 48-21.49 48-48-21.491-48-48-48z\"><\/path><\/svg><\/div>\n\t\t\t\t<\/div>\n\t\t\t\t<\/div>\n\t\t\t\t<div class=\"elementor-element elementor-element-095b384 elementor-widget elementor-widget-html\" data-id=\"095b384\" data-element_type=\"widget\" data-e-type=\"widget\" data-widget_type=\"html.default\">\n\t\t\t\t\t<script>jQuery(function($) {\r\n\r\n        \/\/ =========================================================\r\n        \/\/ 1. FUN\u00c7\u00c3O PARA ESCREVER A URL (Novo requisito)\r\n        \/\/ =========================================================\r\n        \r\n        \/\/ Ouve o clique em QUALQUER item de filtro\r\n        $('.qodef-m-filter-item').on('click', function(e) {\r\n            \r\n            \/\/ Pega o valor do filtro no atributo data-filter\r\n            var filterValue = $(this).attr('data-filter');\r\n            var newUrl = window.location.pathname; \/\/ Pega o caminho base (\/portfolio)\r\n\r\n            if (filterValue && filterValue !== '*') {\r\n                \/\/ Se o filtro n\u00e3o for 'mostrar todos', adiciona o par\u00e2metro \u00e0 URL\r\n                newUrl += '?filtro=' + filterValue;\r\n            } \r\n            \r\n            \/\/ Atualiza a URL na barra de endere\u00e7os SEM recarregar a p\u00e1gina\r\n            history.pushState(null, null, newUrl);\r\n        });\r\n\r\n\r\n        \/\/ =========================================================\r\n        \/\/ 2. FUN\u00c7\u00c3O PARA LER A URL (C\u00f3digo anterior ajustado)\r\n        \/\/ =========================================================\r\n\r\n        function getQueryParameter(name) {\r\n            name = name.replace(\/[\\[]\/, \"\\\\[\").replace(\/[\\]]\/, \"\\\\]\");\r\n            var regex = new RegExp(\"[\\\\?&]\" + name + \"=([^&#]*)\");\r\n            var results = regex.exec(location.search);\r\n            return results === null ? \"\" : decodeURIComponent(results[1].replace(\/\\+\/g, \" \"));\r\n        }\r\n\r\n        \/\/ Pega o valor do filtro na URL ao carregar\r\n        var filterValue = getQueryParameter('filtro');\r\n\r\n        if (filterValue) {\r\n            \/\/ Se um filtro for encontrado na URL, espera o carregamento completo e ativa-o\r\n            window.onload = function() {\r\n                var $targetFilter;\r\n                \r\n                \/\/ Pega o filtro espec\u00edfico pelo valor da URL\r\n                $targetFilter = $('.qodef-m-filter-item[data-filter=\"' + filterValue + '\"]');\r\n                \r\n                if ($targetFilter.length) {\r\n                    \/\/ Executa o clique nativo no filtro para ativ\u00e1-lo\r\n                    $targetFilter[0].click(); \r\n                    console.log('Filtro ' + filterValue + ' ativado via URL.');\r\n                }\r\n            };\r\n        }\r\n    });\r\n<\/script>\t\t\t\t<\/div>\n\t\t\t\t\t<\/div>\n\t\t<\/div>\n\t\t\t\t\t<\/div>\n\t\t<\/section>\n\t\t\t\t<\/div>\n\t\t","protected":false},"excerpt":{"rendered":"<p>Show All Decora\u00e7\u00e3o Hospedaria Imobili\u00e1ria Projectos &amp; Constru\u00e7\u00e3o APARTAMENTO T2 BEL\u00c9M Projectos &amp; Constru\u00e7\u00e3o PR\u00c9DIO UNIFAMILIAR &#8211; CARNIDE Projectos &amp; Constru\u00e7\u00e3o APARTAMENTO T1 PARREIRAS Projectos &amp; Constru\u00e7\u00e3o APARTAMENTO T3 INTENDENTE Projectos &amp; Constru\u00e7\u00e3o APARTAMENTO T2 DEFENSORES DE CHAVES Decora\u00e7\u00e3o APARTAMENTO T3 &#8211; ALMIRANTE REIS Projectos &amp; Constru\u00e7\u00e3o APARTAMENTO T3 ALVALADE &#8211; S\u00d3 PROJECTO Projectos &amp; [&hellip;]<\/p>\n","protected":false},"author":1,"featured_media":0,"parent":0,"menu_order":0,"comment_status":"closed","ping_status":"closed","template":"page-full-width.php","meta":{"footnotes":""},"class_list":["post-11165","page","type-page","status-publish","hentry"],"_links":{"self":[{"href":"https:\/\/lxroller.com\/en\/wp-json\/wp\/v2\/pages\/11165","targetHints":{"allow":["GET"]}}],"collection":[{"href":"https:\/\/lxroller.com\/en\/wp-json\/wp\/v2\/pages"}],"about":[{"href":"https:\/\/lxroller.com\/en\/wp-json\/wp\/v2\/types\/page"}],"author":[{"embeddable":true,"href":"https:\/\/lxroller.com\/en\/wp-json\/wp\/v2\/users\/1"}],"replies":[{"embeddable":true,"href":"https:\/\/lxroller.com\/en\/wp-json\/wp\/v2\/comments?post=11165"}],"version-history":[{"count":7,"href":"https:\/\/lxroller.com\/en\/wp-json\/wp\/v2\/pages\/11165\/revisions"}],"predecessor-version":[{"id":11359,"href":"https:\/\/lxroller.com\/en\/wp-json\/wp\/v2\/pages\/11165\/revisions\/11359"}],"wp:attachment":[{"href":"https:\/\/lxroller.com\/en\/wp-json\/wp\/v2\/media?parent=11165"}],"curies":[{"name":"wp","href":"https:\/\/api.w.org\/{rel}","templated":true}]}}