{"id":11163,"date":"2022-12-18T20:24:32","date_gmt":"2022-12-18T20:24:32","guid":{"rendered":"https:\/\/lxroller.westshore.solutions\/real-estate\/"},"modified":"2026-03-03T15:33:52","modified_gmt":"2026-03-03T15:33:52","slug":"real-estate","status":"publish","type":"page","link":"https:\/\/lxroller.com\/en\/real-estate\/","title":{"rendered":"Real Estate"},"content":{"rendered":"\t\t<div data-elementor-type=\"wp-page\" data-elementor-id=\"11163\" class=\"elementor elementor-11163 elementor-4506\">\n\t\t\t\t\t\t<section class=\"elementor-section elementor-top-section elementor-element elementor-element-da90303 elementor-section-full_width qodef-elementor-content-grid elementor-section-height-default elementor-section-height-default qodef-elementor-column-no\" data-id=\"da90303\" data-element_type=\"section\" data-e-type=\"section\">\n\t\t\t\t\t\t<div class=\"elementor-container elementor-column-gap-default\">\n\t\t\t\t\t<div class=\"elementor-column elementor-col-100 elementor-top-column elementor-element elementor-element-18670ef\" data-id=\"18670ef\" data-element_type=\"column\" data-e-type=\"column\">\n\t\t\t<div class=\"elementor-widget-wrap elementor-element-populated\">\n\t\t\t\t\t\t<div class=\"elementor-element elementor-element-bc1a995 elementor-widget elementor-widget-heading\" data-id=\"bc1a995\" data-element_type=\"widget\" data-e-type=\"widget\" data-widget_type=\"heading.default\">\n\t\t\t\t\t<h1 class=\"elementor-heading-title elementor-size-default\">REAL ESTATE<\/h1>\t\t\t\t<\/div>\n\t\t\t\t<div class=\"elementor-element elementor-element-ae5a92d elementor-widget elementor-widget-hiroshi_core_portfolio_list\" data-id=\"ae5a92d\" data-element_type=\"widget\" data-e-type=\"widget\" data-widget_type=\"hiroshi_core_portfolio_list.default\">\n\t\t\t\t<div class=\"elementor-widget-container\">\n\t\t\t\t\t<div class=\"qodef-shortcode qodef-m qodef-portfolio-list qodef-item-layout--info-below qodef-grid qodef-layout--columns qodef-gutter--tiny qodef-col-num--3 qodef-item-layout--info-below qodef-pagination--on qodef-pagination-type--load-more qodef-responsive--predefined qodef-swiper--show-pagination qodef-hover-animation--move-text\" data-options=\"{&quot;plugin&quot;:&quot;hiroshi_core&quot;,&quot;module&quot;:&quot;post-types\\\/portfolio\\\/shortcodes&quot;,&quot;shortcode&quot;:&quot;portfolio-list&quot;,&quot;post_type&quot;:&quot;portfolio-item&quot;,&quot;next_page&quot;:&quot;2&quot;,&quot;max_pages_num&quot;:1,&quot;behavior&quot;:&quot;columns&quot;,&quot;images_proportion&quot;:&quot;hiroshi_core_image_size_square&quot;,&quot;columns&quot;:&quot;3&quot;,&quot;columns_responsive&quot;:&quot;predefined&quot;,&quot;columns_1440&quot;:&quot;3&quot;,&quot;columns_1366&quot;:&quot;3&quot;,&quot;columns_1024&quot;:&quot;3&quot;,&quot;columns_768&quot;:&quot;3&quot;,&quot;columns_680&quot;:&quot;3&quot;,&quot;columns_480&quot;:&quot;3&quot;,&quot;space&quot;:&quot;tiny&quot;,&quot;slider_pagination_type&quot;:&quot;fraction&quot;,&quot;posts_per_page&quot;:&quot;8&quot;,&quot;orderby&quot;:&quot;date&quot;,&quot;order&quot;:&quot;ASC&quot;,&quot;additional_params&quot;:&quot;tax&quot;,&quot;tax&quot;:&quot;portfolio-category&quot;,&quot;tax_slug&quot;:&quot;imobiliaria&quot;,&quot;layout&quot;:&quot;info-below&quot;,&quot;hover_animation_info-below&quot;:&quot;move-text&quot;,&quot;hover_animation_info-follow&quot;:&quot;follow&quot;,&quot;hover_animation_info-on-hover&quot;:&quot;fade-in&quot;,&quot;title_tag&quot;:&quot;h4&quot;,&quot;enable_category&quot;:&quot;yes&quot;,&quot;zigzag&quot;:&quot;no&quot;,&quot;custom_margin&quot;:&quot;no&quot;,&quot;enable_appear&quot;:&quot;no&quot;,&quot;enable_filter&quot;:&quot;no&quot;,&quot;pagination_type&quot;:&quot;load-more&quot;,&quot;info_below_content_margin&quot;:&quot;24px 0 30px 0px&quot;,&quot;object_class_name&quot;:&quot;HiroshiCore_Portfolio_List_Shortcode&quot;,&quot;taxonomy_filter&quot;:&quot;portfolio-category&quot;,&quot;additional_query_args&quot;:{&quot;tax_query&quot;:[{&quot;taxonomy&quot;:&quot;portfolio-category&quot;,&quot;field&quot;:&quot;slug&quot;,&quot;terms&quot;:&quot;imobiliaria&quot;}]},&quot;space_value&quot;:4}\">\n\t\t<div class=\"qodef-grid-inner clear\">\n\t\t<article class=\"qodef-e qodef-grid-item qodef-item--square  post-9982 portfolio-item type-portfolio-item status-publish has-post-thumbnail hentry portfolio-category-imobiliaria portfolio-tag-apartamento\">\n\t<div class=\"qodef-e-inner\" >\n\t\t<div class=\"qodef-e-image\">\n\t\t\t\t<div class=\"qodef-e-media-image\">\n\t\t<a itemprop=\"url\" href=\"https:\/\/lxroller.com\/en\/portfolio-item\/hospedaria-t13-penha-de-franca\/\" target=\"_self\">\n\t\t\t<img fetchpriority=\"high\" decoding=\"async\" width=\"650\" height=\"650\" src=\"https:\/\/lxroller.com\/wp-content\/uploads\/2025\/12\/20160913_00080-650x650.webp\" class=\"attachment-hiroshi_core_image_size_square size-hiroshi_core_image_size_square wp-post-image\" alt=\"\" srcset=\"https:\/\/lxroller.com\/wp-content\/uploads\/2025\/12\/20160913_00080-650x650.webp 650w, https:\/\/lxroller.com\/wp-content\/uploads\/2025\/12\/20160913_00080-150x150.webp 150w, https:\/\/lxroller.com\/wp-content\/uploads\/2025\/12\/20160913_00080-1300x1300.webp 1300w, https:\/\/lxroller.com\/wp-content\/uploads\/2025\/12\/20160913_00080-300x300.webp 300w, https:\/\/lxroller.com\/wp-content\/uploads\/2025\/12\/20160913_00080-100x100.webp 100w\" sizes=\"(max-width: 650px) 100vw, 650px\" \/>\t\t<\/a>\n\t<\/div>\n\t\t\t\t\t<\/div>\n\t\t<div class=\"qodef-e-content\" style=\"margin:24px 0 30px 0px\">\n\t\t\t<div class=\"qodef-e-text\">\n\t\t\t\t<h4 itemprop=\"name\" class=\"qodef-e-title entry-title\" >\n\t<a itemprop=\"url\" class=\"qodef-e-title-link\" href=\"https:\/\/lxroller.com\/en\/portfolio-item\/hospedaria-t13-penha-de-franca\/\" target=\"_self\">\n\t\tHOSPEDARIA T13 PENHA DE FRAN\u00c7A\t<\/a>\n<\/h4>\n\t\t\t<\/div>\n\t\t\t<div class=\"qodef-e-top-holder\">\n\t\t\t\t<div class=\"qodef-e-info\">\n\t\t\t\t\t\t<a href=\"https:\/\/lxroller.com\/portfolio-category\/imobiliaria\/\" rel=\"tag\">Imobili\u00e1ria<\/a>\t<div class=\"qodef-info-separator-end\"><\/div>\n\t\t\t\t<\/div>\n\t\t\t<\/div>\n\t\t<\/div>\n\t<\/div>\n<\/article>\n<article class=\"qodef-e qodef-grid-item qodef-item--square  post-11587 portfolio-item type-portfolio-item status-publish has-post-thumbnail hentry portfolio-category-arrendamentos portfolio-category-real-estate portfolio-tag-apartment\">\n\t<div class=\"qodef-e-inner\" >\n\t\t<div class=\"qodef-e-image\">\n\t\t\t\t<div class=\"qodef-e-media-image\">\n\t\t<a itemprop=\"url\" href=\"https:\/\/lxroller.com\/en\/portfolio-item\/2-bedroom-apartment-conde-redondo\/\" target=\"_self\">\n\t\t\t<img decoding=\"async\" width=\"650\" height=\"650\" src=\"https:\/\/lxroller.com\/wp-content\/uploads\/2026\/02\/C92-19-650x650.jpg\" class=\"attachment-hiroshi_core_image_size_square size-hiroshi_core_image_size_square wp-post-image\" alt=\"\" srcset=\"https:\/\/lxroller.com\/wp-content\/uploads\/2026\/02\/C92-19-650x650.jpg 650w, https:\/\/lxroller.com\/wp-content\/uploads\/2026\/02\/C92-19-150x150.jpg 150w, https:\/\/lxroller.com\/wp-content\/uploads\/2026\/02\/C92-19-1300x1300.jpg 1300w, https:\/\/lxroller.com\/wp-content\/uploads\/2026\/02\/C92-19-300x300.jpg 300w, https:\/\/lxroller.com\/wp-content\/uploads\/2026\/02\/C92-19-100x100.jpg 100w\" sizes=\"(max-width: 650px) 100vw, 650px\" \/>\t\t<\/a>\n\t<\/div>\n\t\t\t\t\t<\/div>\n\t\t<div class=\"qodef-e-content\" style=\"margin:24px 0 30px 0px\">\n\t\t\t<div class=\"qodef-e-text\">\n\t\t\t\t<h4 itemprop=\"name\" class=\"qodef-e-title entry-title\" >\n\t<a itemprop=\"url\" class=\"qodef-e-title-link\" href=\"https:\/\/lxroller.com\/en\/portfolio-item\/2-bedroom-apartment-conde-redondo\/\" target=\"_self\">\n\t\t2 BEDROOM APARTMENT CONDE REDONDO\t<\/a>\n<\/h4>\n\t\t\t<\/div>\n\t\t\t<div class=\"qodef-e-top-holder\">\n\t\t\t\t<div class=\"qodef-e-info\">\n\t\t\t\t\t\t<a href=\"https:\/\/lxroller.com\/en\/portfolio-category\/arrendamentos\/\" rel=\"tag\">Leases<\/a><span class=\"qodef-info-separator-single\"><\/span><a href=\"https:\/\/lxroller.com\/en\/portfolio-category\/real-estate\/\" rel=\"tag\">Real Estate<\/a>\t<div class=\"qodef-info-separator-end\"><\/div>\n\t\t\t\t<\/div>\n\t\t\t<\/div>\n\t\t<\/div>\n\t<\/div>\n<\/article>\n<article class=\"qodef-e qodef-grid-item qodef-item--square  post-11561 portfolio-item type-portfolio-item status-publish has-post-thumbnail hentry portfolio-category-arrendamentos portfolio-category-real-estate portfolio-tag-apartment\">\n\t<div class=\"qodef-e-inner\" >\n\t\t<div class=\"qodef-e-image\">\n\t\t\t\t<div class=\"qodef-e-media-image\">\n\t\t<a itemprop=\"url\" href=\"https:\/\/lxroller.com\/en\/portfolio-item\/2-bedroom-apartment-lagares\/\" target=\"_self\">\n\t\t\t<img decoding=\"async\" width=\"650\" height=\"650\" src=\"https:\/\/lxroller.com\/wp-content\/uploads\/2026\/02\/Lagares_11-650x650.jpg\" class=\"attachment-hiroshi_core_image_size_square size-hiroshi_core_image_size_square wp-post-image\" alt=\"\" srcset=\"https:\/\/lxroller.com\/wp-content\/uploads\/2026\/02\/Lagares_11-650x650.jpg 650w, https:\/\/lxroller.com\/wp-content\/uploads\/2026\/02\/Lagares_11-150x150.jpg 150w, https:\/\/lxroller.com\/wp-content\/uploads\/2026\/02\/Lagares_11-1300x1300.jpg 1300w, https:\/\/lxroller.com\/wp-content\/uploads\/2026\/02\/Lagares_11-300x300.jpg 300w, https:\/\/lxroller.com\/wp-content\/uploads\/2026\/02\/Lagares_11-100x100.jpg 100w\" sizes=\"(max-width: 650px) 100vw, 650px\" \/>\t\t<\/a>\n\t<\/div>\n\t\t\t\t\t<\/div>\n\t\t<div class=\"qodef-e-content\" style=\"margin:24px 0 30px 0px\">\n\t\t\t<div class=\"qodef-e-text\">\n\t\t\t\t<h4 itemprop=\"name\" class=\"qodef-e-title entry-title\" >\n\t<a itemprop=\"url\" class=\"qodef-e-title-link\" href=\"https:\/\/lxroller.com\/en\/portfolio-item\/2-bedroom-apartment-lagares\/\" target=\"_self\">\n\t\t2-BEDROOM APARTMENT LAGARES\t<\/a>\n<\/h4>\n\t\t\t<\/div>\n\t\t\t<div class=\"qodef-e-top-holder\">\n\t\t\t\t<div class=\"qodef-e-info\">\n\t\t\t\t\t\t<a href=\"https:\/\/lxroller.com\/en\/portfolio-category\/arrendamentos\/\" rel=\"tag\">Leases<\/a><span class=\"qodef-info-separator-single\"><\/span><a href=\"https:\/\/lxroller.com\/en\/portfolio-category\/real-estate\/\" rel=\"tag\">Real Estate<\/a>\t<div class=\"qodef-info-separator-end\"><\/div>\n\t\t\t\t<\/div>\n\t\t\t<\/div>\n\t\t<\/div>\n\t<\/div>\n<\/article>\n<article class=\"qodef-e qodef-grid-item qodef-item--square  post-11455 portfolio-item type-portfolio-item status-publish has-post-thumbnail hentry portfolio-category-real-estate portfolio-tag-apartment\">\n\t<div class=\"qodef-e-inner\" >\n\t\t<div class=\"qodef-e-image\">\n\t\t\t\t<div class=\"qodef-e-media-image\">\n\t\t<a itemprop=\"url\" href=\"https:\/\/lxroller.com\/en\/portfolio-item\/central-lisbon-inn\/\" target=\"_self\">\n\t\t\t<img fetchpriority=\"high\" decoding=\"async\" width=\"650\" height=\"650\" src=\"https:\/\/lxroller.com\/wp-content\/uploads\/2025\/12\/20160913_00080-650x650.webp\" class=\"attachment-hiroshi_core_image_size_square size-hiroshi_core_image_size_square wp-post-image\" alt=\"\" srcset=\"https:\/\/lxroller.com\/wp-content\/uploads\/2025\/12\/20160913_00080-650x650.webp 650w, https:\/\/lxroller.com\/wp-content\/uploads\/2025\/12\/20160913_00080-150x150.webp 150w, https:\/\/lxroller.com\/wp-content\/uploads\/2025\/12\/20160913_00080-1300x1300.webp 1300w, https:\/\/lxroller.com\/wp-content\/uploads\/2025\/12\/20160913_00080-300x300.webp 300w, https:\/\/lxroller.com\/wp-content\/uploads\/2025\/12\/20160913_00080-100x100.webp 100w\" sizes=\"(max-width: 650px) 100vw, 650px\" \/>\t\t<\/a>\n\t<\/div>\n\t\t\t\t\t<\/div>\n\t\t<div class=\"qodef-e-content\" style=\"margin:24px 0 30px 0px\">\n\t\t\t<div class=\"qodef-e-text\">\n\t\t\t\t<h4 itemprop=\"name\" class=\"qodef-e-title entry-title\" >\n\t<a itemprop=\"url\" class=\"qodef-e-title-link\" href=\"https:\/\/lxroller.com\/en\/portfolio-item\/central-lisbon-inn\/\" target=\"_self\">\n\t\tCENTRAL LISBON INN\t<\/a>\n<\/h4>\n\t\t\t<\/div>\n\t\t\t<div class=\"qodef-e-top-holder\">\n\t\t\t\t<div class=\"qodef-e-info\">\n\t\t\t\t\t\t<a href=\"https:\/\/lxroller.com\/en\/portfolio-category\/real-estate\/\" rel=\"tag\">Real Estate<\/a>\t<div class=\"qodef-info-separator-end\"><\/div>\n\t\t\t\t<\/div>\n\t\t\t<\/div>\n\t\t<\/div>\n\t<\/div>\n<\/article>\n<article class=\"qodef-e qodef-grid-item qodef-item--square  post-11405 portfolio-item type-portfolio-item status-publish has-post-thumbnail hentry portfolio-category-real-estate portfolio-tag-apartment\">\n\t<div class=\"qodef-e-inner\" >\n\t\t<div class=\"qodef-e-image\">\n\t\t\t\t<div class=\"qodef-e-media-image\">\n\t\t<a itemprop=\"url\" href=\"https:\/\/lxroller.com\/en\/portfolio-item\/3-bedroom-apartament-ready\/\" target=\"_self\">\n\t\t\t<img loading=\"lazy\" decoding=\"async\" width=\"650\" height=\"650\" src=\"https:\/\/lxroller.com\/wp-content\/uploads\/2026\/02\/20250211_160153-1-650x650.jpg\" class=\"attachment-hiroshi_core_image_size_square size-hiroshi_core_image_size_square wp-post-image\" alt=\"\" srcset=\"https:\/\/lxroller.com\/wp-content\/uploads\/2026\/02\/20250211_160153-1-650x650.jpg 650w, https:\/\/lxroller.com\/wp-content\/uploads\/2026\/02\/20250211_160153-1-150x150.jpg 150w, https:\/\/lxroller.com\/wp-content\/uploads\/2026\/02\/20250211_160153-1-1300x1300.jpg 1300w, https:\/\/lxroller.com\/wp-content\/uploads\/2026\/02\/20250211_160153-1-300x300.jpg 300w, https:\/\/lxroller.com\/wp-content\/uploads\/2026\/02\/20250211_160153-1-100x100.jpg 100w\" sizes=\"(max-width: 650px) 100vw, 650px\" \/>\t\t<\/a>\n\t<\/div>\n\t\t\t\t\t<\/div>\n\t\t<div class=\"qodef-e-content\" style=\"margin:24px 0 30px 0px\">\n\t\t\t<div class=\"qodef-e-text\">\n\t\t\t\t<h4 itemprop=\"name\" class=\"qodef-e-title entry-title\" >\n\t<a itemprop=\"url\" class=\"qodef-e-title-link\" href=\"https:\/\/lxroller.com\/en\/portfolio-item\/3-bedroom-apartament-ready\/\" target=\"_self\">\n\t\t3 BEDROOM APARTAMENT &#8211; Ready\t<\/a>\n<\/h4>\n\t\t\t<\/div>\n\t\t\t<div class=\"qodef-e-top-holder\">\n\t\t\t\t<div class=\"qodef-e-info\">\n\t\t\t\t\t\t<a href=\"https:\/\/lxroller.com\/en\/portfolio-category\/real-estate\/\" rel=\"tag\">Real Estate<\/a>\t<div class=\"qodef-info-separator-end\"><\/div>\n\t\t\t\t<\/div>\n\t\t\t<\/div>\n\t\t<\/div>\n\t<\/div>\n<\/article>\n<article class=\"qodef-e qodef-grid-item qodef-item--square  post-11273 portfolio-item type-portfolio-item status-publish has-post-thumbnail hentry portfolio-category-real-estate portfolio-tag-apartment\">\n\t<div class=\"qodef-e-inner\" >\n\t\t<div class=\"qodef-e-image\">\n\t\t\t\t<div class=\"qodef-e-media-image\">\n\t\t<a itemprop=\"url\" href=\"https:\/\/lxroller.com\/en\/portfolio-item\/duplex-shop-220m2-amadora-future-t5\/\" target=\"_self\">\n\t\t\t<img loading=\"lazy\" decoding=\"async\" width=\"650\" height=\"650\" src=\"https:\/\/lxroller.com\/wp-content\/uploads\/2026\/02\/20250214_114219-1-1-650x650.jpg\" class=\"attachment-hiroshi_core_image_size_square size-hiroshi_core_image_size_square wp-post-image\" alt=\"\" srcset=\"https:\/\/lxroller.com\/wp-content\/uploads\/2026\/02\/20250214_114219-1-1-650x650.jpg 650w, https:\/\/lxroller.com\/wp-content\/uploads\/2026\/02\/20250214_114219-1-1-150x150.jpg 150w, https:\/\/lxroller.com\/wp-content\/uploads\/2026\/02\/20250214_114219-1-1-1300x1300.jpg 1300w, https:\/\/lxroller.com\/wp-content\/uploads\/2026\/02\/20250214_114219-1-1-300x300.jpg 300w, https:\/\/lxroller.com\/wp-content\/uploads\/2026\/02\/20250214_114219-1-1-100x100.jpg 100w\" sizes=\"(max-width: 650px) 100vw, 650px\" \/>\t\t<\/a>\n\t<\/div>\n\t\t\t\t\t<\/div>\n\t\t<div class=\"qodef-e-content\" style=\"margin:24px 0 30px 0px\">\n\t\t\t<div class=\"qodef-e-text\">\n\t\t\t\t<h4 itemprop=\"name\" class=\"qodef-e-title entry-title\" >\n\t<a itemprop=\"url\" class=\"qodef-e-title-link\" href=\"https:\/\/lxroller.com\/en\/portfolio-item\/duplex-shop-220m2-amadora-future-t5\/\" target=\"_self\">\n\t\t220SQM DUPLEX SHOP &#8211; FUTURE 5 BEDROOM\t<\/a>\n<\/h4>\n\t\t\t<\/div>\n\t\t\t<div class=\"qodef-e-top-holder\">\n\t\t\t\t<div class=\"qodef-e-info\">\n\t\t\t\t\t\t<a href=\"https:\/\/lxroller.com\/en\/portfolio-category\/real-estate\/\" rel=\"tag\">Real Estate<\/a>\t<div class=\"qodef-info-separator-end\"><\/div>\n\t\t\t\t<\/div>\n\t\t\t<\/div>\n\t\t<\/div>\n\t<\/div>\n<\/article>\n<article class=\"qodef-e qodef-grid-item qodef-item--square  post-11256 portfolio-item type-portfolio-item status-publish has-post-thumbnail hentry portfolio-category-arrendamentos portfolio-category-real-estate portfolio-tag-apartment\">\n\t<div class=\"qodef-e-inner\" >\n\t\t<div class=\"qodef-e-image\">\n\t\t\t\t<div class=\"qodef-e-media-image\">\n\t\t<a itemprop=\"url\" href=\"https:\/\/lxroller.com\/en\/portfolio-item\/3-bedroom-duplex-apartment-alcantara\/\" target=\"_self\">\n\t\t\t<img loading=\"lazy\" decoding=\"async\" width=\"650\" height=\"650\" src=\"https:\/\/lxroller.com\/wp-content\/uploads\/2026\/02\/20251029_115241-650x650.jpg\" class=\"attachment-hiroshi_core_image_size_square size-hiroshi_core_image_size_square wp-post-image\" alt=\"\" srcset=\"https:\/\/lxroller.com\/wp-content\/uploads\/2026\/02\/20251029_115241-650x650.jpg 650w, https:\/\/lxroller.com\/wp-content\/uploads\/2026\/02\/20251029_115241-150x150.jpg 150w, https:\/\/lxroller.com\/wp-content\/uploads\/2026\/02\/20251029_115241-1300x1300.jpg 1300w, https:\/\/lxroller.com\/wp-content\/uploads\/2026\/02\/20251029_115241-300x300.jpg 300w, https:\/\/lxroller.com\/wp-content\/uploads\/2026\/02\/20251029_115241-100x100.jpg 100w\" sizes=\"(max-width: 650px) 100vw, 650px\" \/>\t\t<\/a>\n\t<\/div>\n\t\t\t\t\t<\/div>\n\t\t<div class=\"qodef-e-content\" style=\"margin:24px 0 30px 0px\">\n\t\t\t<div class=\"qodef-e-text\">\n\t\t\t\t<h4 itemprop=\"name\" class=\"qodef-e-title entry-title\" >\n\t<a itemprop=\"url\" class=\"qodef-e-title-link\" href=\"https:\/\/lxroller.com\/en\/portfolio-item\/3-bedroom-duplex-apartment-alcantara\/\" target=\"_self\">\n\t\t3 BEDROOM DUPLEX APARTMENT &#8211; Alc\u00e2ntara\t<\/a>\n<\/h4>\n\t\t\t<\/div>\n\t\t\t<div class=\"qodef-e-top-holder\">\n\t\t\t\t<div class=\"qodef-e-info\">\n\t\t\t\t\t\t<a href=\"https:\/\/lxroller.com\/en\/portfolio-category\/arrendamentos\/\" rel=\"tag\">Leases<\/a><span class=\"qodef-info-separator-single\"><\/span><a href=\"https:\/\/lxroller.com\/en\/portfolio-category\/real-estate\/\" rel=\"tag\">Real Estate<\/a>\t<div class=\"qodef-info-separator-end\"><\/div>\n\t\t\t\t<\/div>\n\t\t\t<\/div>\n\t\t<\/div>\n\t<\/div>\n<\/article>\n\t<\/div>\n\t<\/div>\n\t\t\t\t<\/div>\n\t\t\t\t<\/div>\n\t\t\t\t\t<\/div>\n\t\t<\/div>\n\t\t\t\t\t<\/div>\n\t\t<\/section>\n\t\t\t\t<\/div>\n\t\t","protected":false},"excerpt":{"rendered":"<p>REAL ESTATE APARTAMENTO T2 CONDE REDONDO ArrendamentosImobili\u00e1ria APARTAMENTO T2 LAGARES ArrendamentosImobili\u00e1ria Hospedaria Campo Grande Premium Imobili\u00e1ria Hospedaria Lisboa Central Imobili\u00e1ria APARTAMENTO T3 AMADORA &#8211; Pronto Imobili\u00e1ria DUPLEX LOJA 220M2 AMADORA &#8211; FUTURO T5 Imobili\u00e1ria APARTAMENTO DUPLEX T3 &#8211; ALC\u00c2NTARA ArrendamentosImobili\u00e1ria<\/p>\n","protected":false},"author":1,"featured_media":0,"parent":0,"menu_order":0,"comment_status":"closed","ping_status":"closed","template":"page-full-width.php","meta":{"footnotes":""},"class_list":["post-11163","page","type-page","status-publish","hentry"],"_links":{"self":[{"href":"https:\/\/lxroller.com\/en\/wp-json\/wp\/v2\/pages\/11163","targetHints":{"allow":["GET"]}}],"collection":[{"href":"https:\/\/lxroller.com\/en\/wp-json\/wp\/v2\/pages"}],"about":[{"href":"https:\/\/lxroller.com\/en\/wp-json\/wp\/v2\/types\/page"}],"author":[{"embeddable":true,"href":"https:\/\/lxroller.com\/en\/wp-json\/wp\/v2\/users\/1"}],"replies":[{"embeddable":true,"href":"https:\/\/lxroller.com\/en\/wp-json\/wp\/v2\/comments?post=11163"}],"version-history":[{"count":4,"href":"https:\/\/lxroller.com\/en\/wp-json\/wp\/v2\/pages\/11163\/revisions"}],"predecessor-version":[{"id":11249,"href":"https:\/\/lxroller.com\/en\/wp-json\/wp\/v2\/pages\/11163\/revisions\/11249"}],"wp:attachment":[{"href":"https:\/\/lxroller.com\/en\/wp-json\/wp\/v2\/media?parent=11163"}],"curies":[{"name":"wp","href":"https:\/\/api.w.org\/{rel}","templated":true}]}}