{"id":11121,"date":"2022-12-15T15:00:16","date_gmt":"2022-12-15T15:00:16","guid":{"rendered":"https:\/\/lxroller.westshore.solutions\/lxroller\/"},"modified":"2026-03-03T13:13:30","modified_gmt":"2026-03-03T13:13:30","slug":"lxroller","status":"publish","type":"page","link":"https:\/\/lxroller.com\/en\/lxroller\/","title":{"rendered":"LXROLLER"},"content":{"rendered":"\t\t<div data-elementor-type=\"wp-page\" data-elementor-id=\"11121\" class=\"elementor elementor-11121 elementor-3326\">\n\t\t\t\t\t\t<section class=\"elementor-section elementor-top-section elementor-element elementor-element-759e3505 elementor-section-full_width elementor-reverse-tablet elementor-reverse-mobile elementor-section-height-default elementor-section-height-default qodef-elementor-content-no qodef-elementor-column-no\" data-id=\"759e3505\" data-element_type=\"section\" data-e-type=\"section\" data-settings=\"{&quot;background_background&quot;:&quot;classic&quot;}\">\n\t\t\t\t\t\t<div class=\"elementor-container elementor-column-gap-default\">\n\t\t\t\t\t<div class=\"elementor-column elementor-col-50 elementor-top-column elementor-element elementor-element-6540d92b\" data-id=\"6540d92b\" data-element_type=\"column\" data-e-type=\"column\">\n\t\t\t<div class=\"elementor-widget-wrap elementor-element-populated\">\n\t\t\t\t\t\t<div class=\"elementor-element elementor-element-39d9a5d elementor-widget elementor-widget-heading\" data-id=\"39d9a5d\" data-element_type=\"widget\" data-e-type=\"widget\" data-widget_type=\"heading.default\">\n\t\t\t\t\t<h2 class=\"elementor-heading-title elementor-size-default\">A Story of Family and Passion<\/h2>\t\t\t\t<\/div>\n\t\t\t\t<div class=\"elementor-element elementor-element-94e3358 elementor-widget elementor-widget-text-editor\" data-id=\"94e3358\" data-element_type=\"widget\" data-e-type=\"widget\" data-widget_type=\"text-editor.default\">\n\t\t\t\t\t\t\t\t\t<p><b>Where Architecture and Life Intersect<\/b><\/p><p><span style=\"font-weight: 400;\">Fernando and Maria present Lxroller.<\/span><\/p><p><span style=\"font-weight: 400;\">They say that when an architect and a civil engineer team up, the result can only be a good project. In our case, the project went far beyond drawings and concrete; it was the year 2005. <\/span><\/p><p><span style=\"font-weight: 400;\">Our story began as colleagues in large companies, where the dynamics of our work revealed a rare synergy. Quickly, this professional partnership transformed into a life partnership. The passion for designing and building became the guiding thread of our story, like a book we wrote with each completed project.  <\/span><\/p><p><b>Our Journey: From Lisbon to Benguela (and the return to our roots)<\/b><\/p><p><span style=\"font-weight: 400;\">In 2008, we decided to embrace a different challenge. We left for Angola, where for six years we led major projects and coordinated teams of hundreds of workers under the African sun. It was a time of growth, returning to our roots, and watching our family grow. However, the call of our daughters&#8217; education and the longing for Portugal brought us back in 2014.   <\/span><\/p><p><span style=\"font-weight: 400;\">We founded LxRoller, where we managed over 50 accommodation units in Lisbon. But our hearts always beat stronger for the project and the work itself\u2014our true &#8220;backbone.&#8221; The 2020 pandemic gave us the push we needed to refocus on what we really are: creators and builders.  <\/span><\/p><p style=\"background-color: #e7e7da;\"><span style=\"font-weight: bold;\">A Lineage of Builders: The Past, the Present, and the Future<\/span><\/p><p style=\"background-color: #e7e7da;\">LXROLLER was not born by chance; it is the unfolding of a legacy that spans generations. The construction bug already ran in <span style=\"font-weight: bold;\">Fernando&#8217;s<\/span> blood, who grew up watching his father, Mr. Manuel Baptista, erect buildings and manage his own construction company, first in Benguela and then in Portugal. It was with him that he learned the value of rigorous work and the importance of leaving a solid legacy on earth.  <\/p>\t\t\t\t\t\t\t\t<\/div>\n\t\t\t\t\t<\/div>\n\t\t<\/div>\n\t\t\t\t<div class=\"elementor-column elementor-col-50 elementor-top-column elementor-element elementor-element-3f0f4746\" data-id=\"3f0f4746\" data-element_type=\"column\" data-e-type=\"column\">\n\t\t\t<div class=\"elementor-widget-wrap elementor-element-populated\">\n\t\t\t\t\t\t<div class=\"elementor-element elementor-element-750ba38e elementor-widget__width-auto elementor-widget elementor-widget-hiroshi_core_single_image\" data-id=\"750ba38e\" data-element_type=\"widget\" data-e-type=\"widget\" data-widget_type=\"hiroshi_core_single_image.default\">\n\t\t\t\t<div class=\"elementor-widget-container\">\n\t\t\t\t\t<div class=\"qodef-shortcode qodef-m qodef-single-image qodef-layout--default\">\n\t\t\t<div class=\"qodef-m-image\">\n\t\t\t\t\t\t\t\t<img fetchpriority=\"high\" decoding=\"async\" width=\"1205\" height=\"1074\" src=\"https:\/\/lxroller.com\/wp-content\/uploads\/2026\/02\/Foto-equipa.jpeg\" class=\"attachment-full size-full\" alt=\"\" srcset=\"https:\/\/lxroller.com\/wp-content\/uploads\/2026\/02\/Foto-equipa.jpeg 1205w, https:\/\/lxroller.com\/wp-content\/uploads\/2026\/02\/Foto-equipa-300x267.jpeg 300w, https:\/\/lxroller.com\/wp-content\/uploads\/2026\/02\/Foto-equipa-1024x913.jpeg 1024w, https:\/\/lxroller.com\/wp-content\/uploads\/2026\/02\/Foto-equipa-768x685.jpeg 768w, https:\/\/lxroller.com\/wp-content\/uploads\/2026\/02\/Foto-equipa-600x535.jpeg 600w\" sizes=\"(max-width: 1205px) 100vw, 1205px\" \/>\t\t\t\t\t\t\t<\/div>\n\t<\/div>\n\t\t\t\t<\/div>\n\t\t\t\t<\/div>\n\t\t\t\t\t<\/div>\n\t\t<\/div>\n\t\t\t\t\t<\/div>\n\t\t<\/section>\n\t\t\t\t<section class=\"elementor-section elementor-top-section elementor-element elementor-element-da7efdf elementor-section-full_width elementor-section-height-default elementor-section-height-default qodef-elementor-content-no qodef-elementor-column-no\" data-id=\"da7efdf\" data-element_type=\"section\" data-e-type=\"section\">\n\t\t\t\t\t\t<div class=\"elementor-container elementor-column-gap-default\">\n\t\t\t\t\t<div class=\"elementor-column elementor-col-100 elementor-top-column elementor-element elementor-element-c98a9c4\" data-id=\"c98a9c4\" data-element_type=\"column\" data-e-type=\"column\">\n\t\t\t<div class=\"elementor-widget-wrap elementor-element-populated\">\n\t\t\t\t\t\t<div class=\"elementor-element elementor-element-f4005f7 elementor-widget elementor-widget-text-editor\" data-id=\"f4005f7\" data-element_type=\"widget\" data-e-type=\"widget\" data-widget_type=\"text-editor.default\">\n\t\t\t\t\t\t\t\t\t<h2>Team<\/h2>\t\t\t\t\t\t\t\t<\/div>\n\t\t\t\t<div class=\"elementor-element elementor-element-54143cf elementor-widget elementor-widget-text-editor\" data-id=\"54143cf\" data-element_type=\"widget\" data-e-type=\"widget\" data-widget_type=\"text-editor.default\">\n\t\t\t\t\t\t\t\t\t<p><b>A Legacy in Motion<\/b><\/p><p><span style=\"font-weight: 400;\">Our solid foundation wasn&#8217;t born today; it&#8217;s in our blood. We honor a<\/span> <span style=\"font-weight: 400;\"><b>family heritage<\/b> that began with Fernando&#8217;s father, a builder through and through who established businesses in Benguela and Portugal. It is this integrity and love for the craft that we now pass on to the third generation of our team.<\/span><\/p><ul><li style=\"font-weight: 400;\" aria-level=\"1\"><span style=\"font-weight: 400;\"><b>Andr\u00e9:<\/b> Civil Engineer and son of Fernando, who, although pursuing his own professional path, maintains a constant technical partnership with us, guaranteeing the rigor that our signature demands.<\/span><\/li><li style=\"font-weight: 400;\" aria-level=\"1\"><b>Maria Celeste:<\/b><span style=\"font-weight: 400;\"> An architecture student who brings the energy, drive, and contemporary perspective needed to renew the treasures of our city.<\/span><\/li><\/ul>\t\t\t\t\t\t\t\t<\/div>\n\t\t\t\t<div class=\"elementor-element elementor-element-5e41595 elementor-widget elementor-widget-hiroshi_core_team_list\" data-id=\"5e41595\" data-element_type=\"widget\" data-e-type=\"widget\" data-widget_type=\"hiroshi_core_team_list.default\">\n\t\t\t\t<div class=\"elementor-widget-container\">\n\t\t\t\t\t<div class=\"qodef-shortcode qodef-m qodef-team-list qodef-item-layout--info-right qodef-enable-border qodef-content-align--center-title qodef-grid qodef-layout--columns qodef-gutter--tiny qodef-col-num--4 qodef-item-layout--info-right qodef--no-bottom-space qodef-pagination--off qodef-responsive--custom qodef-col-num--1440--4 qodef-col-num--1366--4 qodef-col-num--1024--2 qodef-col-num--768--2 qodef-col-num--680--2 qodef-col-num--480--2 qodef-swiper--show-pagination\" data-options=\"{&quot;plugin&quot;:&quot;hiroshi_core&quot;,&quot;module&quot;:&quot;post-types\\\/team\\\/shortcodes&quot;,&quot;shortcode&quot;:&quot;team-list&quot;,&quot;post_type&quot;:&quot;team&quot;,&quot;next_page&quot;:&quot;2&quot;,&quot;max_pages_num&quot;:1,&quot;behavior&quot;:&quot;columns&quot;,&quot;images_proportion&quot;:&quot;hiroshi_core_image_size_square&quot;,&quot;columns&quot;:&quot;4&quot;,&quot;columns_responsive&quot;:&quot;custom&quot;,&quot;columns_1440&quot;:&quot;4&quot;,&quot;columns_1366&quot;:&quot;4&quot;,&quot;columns_1024&quot;:&quot;2&quot;,&quot;columns_768&quot;:&quot;2&quot;,&quot;columns_680&quot;:&quot;2&quot;,&quot;columns_480&quot;:&quot;2&quot;,&quot;space&quot;:&quot;tiny&quot;,&quot;slider_pagination_type&quot;:&quot;fraction&quot;,&quot;enable_appear&quot;:&quot;no&quot;,&quot;posts_per_page&quot;:&quot;4&quot;,&quot;orderby&quot;:&quot;date&quot;,&quot;order&quot;:&quot;ASC&quot;,&quot;additional_params&quot;:&quot;id&quot;,&quot;layout&quot;:&quot;info-right&quot;,&quot;title_tag&quot;:&quot;h5&quot;,&quot;pagination_type&quot;:&quot;no-pagination&quot;,&quot;content_align&quot;:&quot;center-title&quot;,&quot;enable_border&quot;:&quot;yes&quot;,&quot;info_right_checkered_layout&quot;:&quot;no&quot;,&quot;display_link&quot;:&quot;no&quot;,&quot;object_class_name&quot;:&quot;HiroshiCore_Team_List_Shortcode&quot;,&quot;taxonomy_filter&quot;:&quot;team-category&quot;,&quot;additional_query_args&quot;:[],&quot;item_classes&quot;:&quot;qodef-e qodef-grid-item &quot;,&quot;space_value&quot;:4}\">\n\t\t<div class=\"qodef-grid-inner clear\">\n\t\t<div class=\"qodef-e qodef-grid-item  post-127 team type-team status-publish has-post-thumbnail hentry team-category-home-1\" >\n\t<div class=\"qodef-e-inner\">\n\t\t<div class=\"qodef-e-image\">\n\t\t\t\t<div class=\"qodef-e-media-image\">\n\t\t\t\t\t<img decoding=\"async\" width=\"140\" height=\"140\" src=\"https:\/\/lxroller.com\/wp-content\/uploads\/2026\/02\/fernando-e1770743163935.png\" class=\"attachment-hiroshi_core_image_size_square size-hiroshi_core_image_size_square wp-post-image\" alt=\"\" srcset=\"https:\/\/lxroller.com\/wp-content\/uploads\/2026\/02\/fernando-e1770743163935.png 140w, https:\/\/lxroller.com\/wp-content\/uploads\/2026\/02\/fernando-e1770743163935-100x100.png 100w\" sizes=\"(max-width: 140px) 100vw, 140px\" \/>\t\t\t<\/div>\n\t\t<\/div>\n\t\t<div class=\"qodef-e-content\">\n\t\t\t<h5 itemprop=\"name\" class=\"qodef-e-title entry-title\" >\n\t\t\tFernando Baptista\t<\/h5>\n\t\t\t\t<p class=\"qodef-e-role\">Engenheiro Civil<\/p>\n\t\t\t\t\t\t\t\t<\/div>\n\t<\/div>\n<\/div>\n<div class=\"qodef-e qodef-grid-item  post-138 team type-team status-publish has-post-thumbnail hentry team-category-home-1\" >\n\t<div class=\"qodef-e-inner\">\n\t\t<div class=\"qodef-e-image\">\n\t\t\t\t<div class=\"qodef-e-media-image\">\n\t\t\t\t\t<img decoding=\"async\" width=\"235\" height=\"235\" src=\"https:\/\/lxroller.com\/wp-content\/uploads\/2022\/11\/1517276074664.jpg\" class=\"attachment-hiroshi_core_image_size_square size-hiroshi_core_image_size_square wp-post-image\" alt=\"\" srcset=\"https:\/\/lxroller.com\/wp-content\/uploads\/2022\/11\/1517276074664.jpg 235w, https:\/\/lxroller.com\/wp-content\/uploads\/2022\/11\/1517276074664-150x150.jpg 150w, https:\/\/lxroller.com\/wp-content\/uploads\/2022\/11\/1517276074664-100x100.jpg 100w\" sizes=\"(max-width: 235px) 100vw, 235px\" \/>\t\t\t<\/div>\n\t\t<\/div>\n\t\t<div class=\"qodef-e-content\">\n\t\t\t<h5 itemprop=\"name\" class=\"qodef-e-title entry-title\" >\n\t\t\tMaria Antero\t<\/h5>\n\t\t\t\t<p class=\"qodef-e-role\">Arquiteta<\/p>\n\t\t\t\t\t\t\t<div class=\"qodef-team-member-social-icons\">\n\t\t\t\t\t\t\t<a class=\"qodef-team-member-social-icon\" href=\"https:\/\/www.linkedin.com\/in\/maria-moitinho-almeida-bueri-antero-91068725\/\" target=\"_blank\">\n\t\t\t\t\t\t<span class=\"qodef-icon-font-awesome fab fa-linkedin-in\" ><\/span>\t\t\t\t\t<\/a>\n\t\t\t\t\t\t\t\t\t\t<\/div>\n\t\t<\/div>\n\t<\/div>\n<\/div>\n<div class=\"qodef-e qodef-grid-item  post-169 team type-team status-publish has-post-thumbnail hentry team-category-home-1\" >\n\t<div class=\"qodef-e-inner\">\n\t\t<div class=\"qodef-e-image\">\n\t\t\t\t<div class=\"qodef-e-media-image\">\n\t\t\t\t\t<img loading=\"lazy\" decoding=\"async\" width=\"650\" height=\"650\" src=\"https:\/\/lxroller.com\/wp-content\/uploads\/2022\/11\/WhatsApp-Image-2026-02-12-at-09.46.25-650x650.jpeg\" class=\"attachment-hiroshi_core_image_size_square size-hiroshi_core_image_size_square wp-post-image\" alt=\"\" srcset=\"https:\/\/lxroller.com\/wp-content\/uploads\/2022\/11\/WhatsApp-Image-2026-02-12-at-09.46.25-650x650.jpeg 650w, https:\/\/lxroller.com\/wp-content\/uploads\/2022\/11\/WhatsApp-Image-2026-02-12-at-09.46.25-300x300.jpeg 300w, https:\/\/lxroller.com\/wp-content\/uploads\/2022\/11\/WhatsApp-Image-2026-02-12-at-09.46.25-1024x1024.jpeg 1024w, https:\/\/lxroller.com\/wp-content\/uploads\/2022\/11\/WhatsApp-Image-2026-02-12-at-09.46.25-150x150.jpeg 150w, https:\/\/lxroller.com\/wp-content\/uploads\/2022\/11\/WhatsApp-Image-2026-02-12-at-09.46.25-768x768.jpeg 768w, https:\/\/lxroller.com\/wp-content\/uploads\/2022\/11\/WhatsApp-Image-2026-02-12-at-09.46.25-600x600.jpeg 600w, https:\/\/lxroller.com\/wp-content\/uploads\/2022\/11\/WhatsApp-Image-2026-02-12-at-09.46.25-100x100.jpeg 100w, https:\/\/lxroller.com\/wp-content\/uploads\/2022\/11\/WhatsApp-Image-2026-02-12-at-09.46.25.jpeg 1054w\" sizes=\"(max-width: 650px) 100vw, 650px\" \/>\t\t\t<\/div>\n\t\t<\/div>\n\t\t<div class=\"qodef-e-content\">\n\t\t\t<h5 itemprop=\"name\" class=\"qodef-e-title entry-title\" >\n\t\t\tAndr\u00e9 Baptista\t<\/h5>\n\t\t\t\t<p class=\"qodef-e-role\">Engenheiro Civil<\/p>\n\t\t\t\t\t\t\t<div class=\"qodef-team-member-social-icons\">\n\t\t\t\t\t\t\t<a class=\"qodef-team-member-social-icon\" href=\"https:\/\/www.linkedin.com\/in\/andr-baptista-07709a85\/\" target=\"_blank\">\n\t\t\t\t\t\t<span class=\"qodef-icon-font-awesome fab fa-linkedin-in\" ><\/span>\t\t\t\t\t<\/a>\n\t\t\t\t\t\t\t\t\t\t<\/div>\n\t\t<\/div>\n\t<\/div>\n<\/div>\n<div class=\"qodef-e qodef-grid-item  post-176 team type-team status-publish has-post-thumbnail hentry team-category-home-1\" >\n\t<div class=\"qodef-e-inner\">\n\t\t<div class=\"qodef-e-image\">\n\t\t\t\t<div class=\"qodef-e-media-image\">\n\t\t\t\t\t<img loading=\"lazy\" decoding=\"async\" width=\"650\" height=\"650\" src=\"https:\/\/lxroller.com\/wp-content\/uploads\/2022\/11\/SAM_2505-1-1-scaled-e1775227121787-650x650.jpg\" class=\"attachment-hiroshi_core_image_size_square size-hiroshi_core_image_size_square wp-post-image\" alt=\"\" srcset=\"https:\/\/lxroller.com\/wp-content\/uploads\/2022\/11\/SAM_2505-1-1-scaled-e1775227121787-650x650.jpg 650w, https:\/\/lxroller.com\/wp-content\/uploads\/2022\/11\/SAM_2505-1-1-scaled-e1775227121787-300x300.jpg 300w, https:\/\/lxroller.com\/wp-content\/uploads\/2022\/11\/SAM_2505-1-1-scaled-e1775227121787-150x150.jpg 150w, https:\/\/lxroller.com\/wp-content\/uploads\/2022\/11\/SAM_2505-1-1-scaled-e1775227121787-768x768.jpg 768w\" sizes=\"(max-width: 650px) 100vw, 650px\" \/>\t\t\t<\/div>\n\t\t<\/div>\n\t\t<div class=\"qodef-e-content\">\n\t\t\t<h5 itemprop=\"name\" class=\"qodef-e-title entry-title\" >\n\t\t\tMaria Celeste\t<\/h5>\n\t\t\t\t<p class=\"qodef-e-role\">Estudante de Arquitetura<\/p>\n\t\t\t\t\t\t\t\t<\/div>\n\t<\/div>\n<\/div>\n\t<\/div>\n\t<\/div>\n\t\t\t\t<\/div>\n\t\t\t\t<\/div>\n\t\t\t\t\t<\/div>\n\t\t<\/div>\n\t\t\t\t\t<\/div>\n\t\t<\/section>\n\t\t\t\t<section class=\"elementor-section elementor-top-section elementor-element elementor-element-83c9b74 elementor-section-full_width elementor-reverse-tablet elementor-reverse-mobile elementor-section-height-default elementor-section-height-default qodef-elementor-content-no qodef-elementor-column-no\" data-id=\"83c9b74\" data-element_type=\"section\" data-e-type=\"section\" data-settings=\"{&quot;background_background&quot;:&quot;classic&quot;}\">\n\t\t\t\t\t\t<div class=\"elementor-container elementor-column-gap-default\">\n\t\t\t\t\t<div class=\"elementor-column elementor-col-100 elementor-top-column elementor-element elementor-element-3f805c9\" data-id=\"3f805c9\" data-element_type=\"column\" data-e-type=\"column\">\n\t\t\t<div class=\"elementor-widget-wrap elementor-element-populated\">\n\t\t\t\t\t\t<div class=\"elementor-element elementor-element-e6f9ae3 elementor-widget elementor-widget-text-editor\" data-id=\"e6f9ae3\" data-element_type=\"widget\" data-e-type=\"widget\" data-widget_type=\"text-editor.default\">\n\t\t\t\t\t\t\t\t\t<p>In this way, what we do is not just a work of art; it is the continuation of a family history that began in Africa, was consolidated in Portugal, and now shapes the future of new generations.<\/p><p><b>Our Purpose: <\/b>Nothing gives us more pleasure than returning to the city a property that was in ruins or forgotten. We design its future with the same care with which we built our history: with total dedication, a focus on the &#8220;invisible works&#8221; that guarantee quality, and the pleasant anxiety of seeing the final result. <\/p><p><b>Welcome to the LXROLLER family.<\/b><\/p>\t\t\t\t\t\t\t\t<\/div>\n\t\t\t\t<div class=\"elementor-element elementor-element-388e39a elementor-widget__width-auto elementor-widget elementor-widget-hiroshi_core_button\" data-id=\"388e39a\" data-element_type=\"widget\" data-e-type=\"widget\" data-widget_type=\"hiroshi_core_button.default\">\n\t\t\t\t<div class=\"elementor-widget-container\">\n\t\t\t\t\t<a class=\"qodef-shortcode qodef-m qodef-button qodef-layout--filled qodef-html--link\" href=\"\/contact-us\" target=\"_blank\"  >\n\t<span class=\"qodef-m-text\">Contact us<\/span>\n<\/a>\n\t\t\t\t<\/div>\n\t\t\t\t<\/div>\n\t\t\t\t\t<\/div>\n\t\t<\/div>\n\t\t\t\t\t<\/div>\n\t\t<\/section>\n\t\t\t\t<section class=\"elementor-section elementor-top-section elementor-element elementor-element-455e22a7 elementor-section-full_width elementor-section-height-default elementor-section-height-default qodef-elementor-content-no qodef-elementor-column-no\" data-id=\"455e22a7\" data-element_type=\"section\" data-e-type=\"section\" data-settings=\"{&quot;background_background&quot;:&quot;classic&quot;}\">\n\t\t\t\t\t\t<div class=\"elementor-container elementor-column-gap-default\">\n\t\t\t\t\t<div class=\"elementor-column elementor-col-100 elementor-top-column elementor-element elementor-element-bc68942\" data-id=\"bc68942\" data-element_type=\"column\" data-e-type=\"column\">\n\t\t\t<div class=\"elementor-widget-wrap elementor-element-populated\">\n\t\t\t\t<div class=\"elementor-element elementor-element-75b6329 e-con-full e-flex e-con e-parent\" data-id=\"75b6329\" data-element_type=\"container\" data-e-type=\"container\">\n\t\t\t\t<div class=\"elementor-element elementor-element-aa0db74 elementor-widget elementor-widget-qi_addons_for_elementor_button\" data-id=\"aa0db74\" data-element_type=\"widget\" data-e-type=\"widget\" data-widget_type=\"qi_addons_for_elementor_button.default\">\n\t\t\t\t<div class=\"elementor-widget-container\">\n\t\t\t\t\t<a class=\"qodef-shortcode qodef-m qodef-qi-button qodef-html--link qodef-layout--outlined qodef-type--standard qodef-hover--reveal qodef--reveal-horizontal qodef-icon--right qodef-hover--icon-move-horizontal-short\" href=\"http:\/\/!--[CDATA[\/portfolio?filtro=decoracao%5D%5D--\" target=\"_self\">\n\t<span class=\"qodef-m-text\">Decoration<\/span>\n\t<\/a>\n\t\t\t\t<\/div>\n\t\t\t\t<\/div>\n\t\t\t\t<div class=\"elementor-element elementor-element-ecb88fc elementor-widget elementor-widget-qi_addons_for_elementor_button\" data-id=\"ecb88fc\" data-element_type=\"widget\" data-e-type=\"widget\" data-widget_type=\"qi_addons_for_elementor_button.default\">\n\t\t\t\t<div class=\"elementor-widget-container\">\n\t\t\t\t\t<a class=\"qodef-shortcode qodef-m qodef-qi-button qodef-html--link qodef-layout--outlined qodef-type--standard qodef-hover--reveal qodef--reveal-horizontal qodef-icon--right qodef-hover--icon-move-horizontal-short\" href=\"http:\/\/!--[CDATA[\/portfolio?filtro=imobiliaria%5D%5D--\" target=\"_self\">\n\t<span class=\"qodef-m-text\">Real estate<\/span>\n\t<\/a>\n\t\t\t\t<\/div>\n\t\t\t\t<\/div>\n\t\t\t\t<div class=\"elementor-element elementor-element-9f6b05a elementor-widget elementor-widget-qi_addons_for_elementor_button\" data-id=\"9f6b05a\" data-element_type=\"widget\" data-e-type=\"widget\" data-widget_type=\"qi_addons_for_elementor_button.default\">\n\t\t\t\t<div class=\"elementor-widget-container\">\n\t\t\t\t\t<a class=\"qodef-shortcode qodef-m qodef-qi-button qodef-html--link qodef-layout--outlined qodef-type--standard qodef-hover--reveal qodef--reveal-horizontal qodef-icon--right qodef-hover--icon-move-horizontal-short\" href=\"\/portfolio?filtro=projetos-construcao\" target=\"_self\">\n\t<span class=\"qodef-m-text\">Construction<\/span>\n\t<\/a>\n\t\t\t\t<\/div>\n\t\t\t\t<\/div>\n\t\t\t\t<\/div>\n\t\t\t\t<div class=\"elementor-element elementor-element-78ead75 elementor-widget elementor-widget-html\" data-id=\"78ead75\" data-element_type=\"widget\" data-e-type=\"widget\" data-widget_type=\"html.default\">\n\t\t\t\t\t<script>\/\/ Usa window.onload para garantir que todos os elementos do tema carreguem\r\n    window.onload = function() {\r\n        \/\/ Envolve o c\u00f3digo em jQuery\r\n        jQuery(function($) {\r\n            \r\n            \/\/ Mapeamento dos IDs do bot\u00e3o para os valores do atributo data-filter\r\n            var filtersMap = {\r\n                'btn-filtro-todos': '*',\r\n                'btn-filtro-decoracao': 'decoracao',\r\n                'btn-filtro-imobiliaria': 'imobiliaria',\r\n                'btn-filtro-projetos': 'projetos-construcao'\r\n            };\r\n\r\n            \/\/ Loop que cria a a\u00e7\u00e3o para CADA bot\u00e3o\r\n            for (var btnId in filtersMap) {\r\n                \r\n                \/\/ Pega o valor do filtro alvo (ex: 'decoracao')\r\n                var filterValue = filtersMap[btnId];\r\n                \r\n                \/\/ 1. Ouve o clique no bot\u00e3o do Elementor\r\n                $('#' + btnId).on('click', function(e) {\r\n                    e.preventDefault(); \/\/ Impede a navega\u00e7\u00e3o do bot\u00e3o\r\n                    \r\n                    \/\/ 2. Localiza o elemento de filtro nativo usando o atributo data-filter\r\n                    var $targetFilter = $('.qodef-m-filter-item[data-filter=\"' + filterValue + '\"]');\r\n                    \r\n                    if ($targetFilter.length) {\r\n                        \/\/ 3. Simula o clique, ativando a filtragem do tema\r\n                        $targetFilter.trigger('click');\r\n                        \r\n                        \/\/ Opcional: Rola a p\u00e1gina para a \u00e1rea do portf\u00f3lio\r\n                        $('html, body').animate({\r\n                            scrollTop: $targetFilter.closest('.qodef-m-filter-items').offset().top - 50 \r\n                        }, 500);\r\n                        \r\n                    } else {\r\n                        console.error('Erro: Elemento de filtro n\u00e3o encontrado para:', filterValue);\r\n                        \/\/ Se o elemento n\u00e3o for encontrado, tenta usar o 'href' do elemento nativo\r\n                        \/\/ Isso \u00e9 uma tentativa de falha, mas a solu\u00e7\u00e3o \u00e9 a trigger('click').\r\n                    }\r\n                });\r\n            }\r\n        });\r\n    }\r\n<\/script>\t\t\t\t<\/div>\n\t\t\t\t\t<\/div>\n\t\t<\/div>\n\t\t\t\t\t<\/div>\n\t\t<\/section>\n\t\t\t\t<\/div>\n\t\t","protected":false},"excerpt":{"rendered":"<p>A Story of Family and Passion Where Architecture and Life Intersect Fernando and Maria present Lxroller. They say that when an architect and a civil engineer team up, the result can only be a good project. In our case, the project went far beyond drawings and concrete; it was the year 2005. Our story began [&hellip;]<\/p>\n","protected":false},"author":1,"featured_media":0,"parent":0,"menu_order":0,"comment_status":"closed","ping_status":"closed","template":"page-full-width.php","meta":{"footnotes":""},"class_list":["post-11121","page","type-page","status-publish","hentry"],"_links":{"self":[{"href":"https:\/\/lxroller.com\/en\/wp-json\/wp\/v2\/pages\/11121","targetHints":{"allow":["GET"]}}],"collection":[{"href":"https:\/\/lxroller.com\/en\/wp-json\/wp\/v2\/pages"}],"about":[{"href":"https:\/\/lxroller.com\/en\/wp-json\/wp\/v2\/types\/page"}],"author":[{"embeddable":true,"href":"https:\/\/lxroller.com\/en\/wp-json\/wp\/v2\/users\/1"}],"replies":[{"embeddable":true,"href":"https:\/\/lxroller.com\/en\/wp-json\/wp\/v2\/comments?post=11121"}],"version-history":[{"count":11,"href":"https:\/\/lxroller.com\/en\/wp-json\/wp\/v2\/pages\/11121\/revisions"}],"predecessor-version":[{"id":11218,"href":"https:\/\/lxroller.com\/en\/wp-json\/wp\/v2\/pages\/11121\/revisions\/11218"}],"wp:attachment":[{"href":"https:\/\/lxroller.com\/en\/wp-json\/wp\/v2\/media?parent=11121"}],"curies":[{"name":"wp","href":"https:\/\/api.w.org\/{rel}","templated":true}]}}