{"id":11115,"date":"2022-11-24T11:40:42","date_gmt":"2022-11-24T11:40:42","guid":{"rendered":"https:\/\/lxroller.westshore.solutions\/home\/"},"modified":"2026-03-03T13:06:00","modified_gmt":"2026-03-03T13:06:00","slug":"home","status":"publish","type":"page","link":"https:\/\/lxroller.com\/en\/","title":{"rendered":"Home"},"content":{"rendered":"\t\t<div data-elementor-type=\"wp-page\" data-elementor-id=\"11115\" class=\"elementor elementor-11115 elementor-60\">\n\t\t\t\t\t\t<section class=\"elementor-section elementor-top-section elementor-element elementor-element-e17bd4f elementor-section-full_width elementor-section-height-full elementor-section-height-default elementor-section-items-middle qodef-elementor-content-no qodef-elementor-column-no\" data-id=\"e17bd4f\" data-element_type=\"section\" data-e-type=\"section\" data-settings=\"{&quot;background_background&quot;:&quot;classic&quot;}\">\n\t\t\t\t\t\t<div class=\"elementor-container elementor-column-gap-default\">\n\t\t\t\t\t<div class=\"elementor-column elementor-col-100 elementor-top-column elementor-element elementor-element-64d8195\" data-id=\"64d8195\" data-element_type=\"column\" data-e-type=\"column\">\n\t\t\t<div class=\"elementor-widget-wrap elementor-element-populated\">\n\t\t\t\t\t\t<div class=\"elementor-element elementor-element-8d65cfd elementor-widget elementor-widget-hiroshi_core_fullscreen_portfolio_slider\" data-id=\"8d65cfd\" data-element_type=\"widget\" data-e-type=\"widget\" data-widget_type=\"hiroshi_core_fullscreen_portfolio_slider.default\">\n\t\t\t\t<div class=\"elementor-widget-container\">\n\t\t\t\t\t<div class=\"qodef-shortcode qodef-m qodef-fullscreen-portfolio-slider qodef-item-layout--standard\">\n\t<div class=\"qodef-custom-swiper\" data-options=\"{&quot;slidesPerView&quot;:1,&quot;spaceBetween&quot;:0,&quot;loop&quot;:true,&quot;autoplay&quot;:true,&quot;mousewheel&quot;:false}\">\n\t\t<div class=\"swiper-wrapper\">\n\t\t\t<article class=\"qodef-e swiper-slide  post-11614 portfolio-item type-portfolio-item status-publish has-post-thumbnail hentry portfolio-category-projects-construction portfolio-tag-apartment\">\n\t<div class=\"qodef-e-inner\">\n\t\t\t<div class=\"qodef-e-media-image qodef--background\" style=\"background-image: url( https:\/\/lxroller.com\/wp-content\/uploads\/2017\/02\/2017-APARTAMENTO-T4-HELIODORO-GRACA-cozinha.jpg)\">\n\t\t<img fetchpriority=\"high\" decoding=\"async\" width=\"2048\" height=\"1365\" src=\"https:\/\/lxroller.com\/wp-content\/uploads\/2017\/02\/2017-APARTAMENTO-T4-HELIODORO-GRACA-cozinha.jpg\" class=\"attachment-full size-full wp-post-image\" alt=\"\" srcset=\"https:\/\/lxroller.com\/wp-content\/uploads\/2017\/02\/2017-APARTAMENTO-T4-HELIODORO-GRACA-cozinha.jpg 2048w, https:\/\/lxroller.com\/wp-content\/uploads\/2017\/02\/2017-APARTAMENTO-T4-HELIODORO-GRACA-cozinha-300x200.jpg 300w, https:\/\/lxroller.com\/wp-content\/uploads\/2017\/02\/2017-APARTAMENTO-T4-HELIODORO-GRACA-cozinha-1024x683.jpg 1024w, https:\/\/lxroller.com\/wp-content\/uploads\/2017\/02\/2017-APARTAMENTO-T4-HELIODORO-GRACA-cozinha-768x512.jpg 768w, https:\/\/lxroller.com\/wp-content\/uploads\/2017\/02\/2017-APARTAMENTO-T4-HELIODORO-GRACA-cozinha-1536x1024.jpg 1536w, https:\/\/lxroller.com\/wp-content\/uploads\/2017\/02\/2017-APARTAMENTO-T4-HELIODORO-GRACA-cozinha-600x400.jpg 600w\" sizes=\"(max-width: 2048px) 100vw, 2048px\" \/>\t<\/div>\n\t\t<div class=\"qodef-e-content\">\n\t\t\t<div class=\"qodef-e-content-inner\">\n\t\t\t\t<div class=\"qodef-e-text\">\n\t\t\t\t\t<h4 itemprop=\"name\" class=\"qodef-e-title entry-title\" >\n\t<a itemprop=\"url\" class=\"qodef-e-title-link\" href=\"https:\/\/lxroller.com\/en\/portfolio-item\/4-bedroom-apartament-heliodoro-graca\/\" target=\"_self\">\n\t\t4 BEDROOM APARTAMENT HELIODORO GRA\u00c7A\t<\/a>\n<\/h4>\n\t\t\t\t<\/div>\n\t\t\t\t<div class=\"qodef-e-top-holder\">\n\t\t\t\t\t<div class=\"qodef-e-info\">\n\t\t\t\t\t\t\t<div class=\"qodef-category-holder\">\n\t\t<a href=\"https:\/\/lxroller.com\/en\/portfolio-category\/projects-construction\/\" rel=\"tag\">Projects &amp; Construction<\/a>\t<\/div>\n\t\t\t\t\t<\/div>\n\t\t\t\t<\/div>\n\t\t\t<\/div>\n\t\t<\/div>\n\t\t<a itemprop=\"url\" class=\"qodef-e-post-link\" href=\"https:\/\/lxroller.com\/en\/portfolio-item\/4-bedroom-apartament-heliodoro-graca\/\" target=\"_self\"><\/a>\n\t<\/div>\n<\/article>\n<article class=\"qodef-e swiper-slide  post-11528 portfolio-item type-portfolio-item status-publish has-post-thumbnail hentry portfolio-category-projects-construction portfolio-tag-apartment\">\n\t<div class=\"qodef-e-inner\">\n\t\t\t<div class=\"qodef-e-media-image qodef--background\" style=\"background-image: url( https:\/\/lxroller.com\/wp-content\/uploads\/2018\/02\/Rua-da-Junqueira_Lx-Roller_LCC_003.jpg)\">\n\t\t<img decoding=\"async\" width=\"2048\" height=\"1365\" src=\"https:\/\/lxroller.com\/wp-content\/uploads\/2018\/02\/Rua-da-Junqueira_Lx-Roller_LCC_003.jpg\" class=\"attachment-full size-full wp-post-image\" alt=\"\" srcset=\"https:\/\/lxroller.com\/wp-content\/uploads\/2018\/02\/Rua-da-Junqueira_Lx-Roller_LCC_003.jpg 2048w, https:\/\/lxroller.com\/wp-content\/uploads\/2018\/02\/Rua-da-Junqueira_Lx-Roller_LCC_003-300x200.jpg 300w, https:\/\/lxroller.com\/wp-content\/uploads\/2018\/02\/Rua-da-Junqueira_Lx-Roller_LCC_003-1024x683.jpg 1024w, https:\/\/lxroller.com\/wp-content\/uploads\/2018\/02\/Rua-da-Junqueira_Lx-Roller_LCC_003-768x512.jpg 768w, https:\/\/lxroller.com\/wp-content\/uploads\/2018\/02\/Rua-da-Junqueira_Lx-Roller_LCC_003-1536x1024.jpg 1536w, https:\/\/lxroller.com\/wp-content\/uploads\/2018\/02\/Rua-da-Junqueira_Lx-Roller_LCC_003-600x400.jpg 600w\" sizes=\"(max-width: 2048px) 100vw, 2048px\" \/>\t<\/div>\n\t\t<div class=\"qodef-e-content\">\n\t\t\t<div class=\"qodef-e-content-inner\">\n\t\t\t\t<div class=\"qodef-e-text\">\n\t\t\t\t\t<h4 itemprop=\"name\" class=\"qodef-e-title entry-title\" >\n\t<a itemprop=\"url\" class=\"qodef-e-title-link\" href=\"https:\/\/lxroller.com\/en\/portfolio-item\/one-bedroom-apartment-junqueira-belem\/\" target=\"_self\">\n\t\tONE-BEDROOM APARTMENT JUNQUEIRA BEL\u00c9M\t<\/a>\n<\/h4>\n\t\t\t\t<\/div>\n\t\t\t\t<div class=\"qodef-e-top-holder\">\n\t\t\t\t\t<div class=\"qodef-e-info\">\n\t\t\t\t\t\t\t<div class=\"qodef-category-holder\">\n\t\t<a href=\"https:\/\/lxroller.com\/en\/portfolio-category\/projects-construction\/\" rel=\"tag\">Projects &amp; Construction<\/a>\t<\/div>\n\t\t\t\t\t<\/div>\n\t\t\t\t<\/div>\n\t\t\t<\/div>\n\t\t<\/div>\n\t\t<a itemprop=\"url\" class=\"qodef-e-post-link\" href=\"https:\/\/lxroller.com\/en\/portfolio-item\/one-bedroom-apartment-junqueira-belem\/\" target=\"_self\"><\/a>\n\t<\/div>\n<\/article>\n<article class=\"qodef-e swiper-slide  post-11501 portfolio-item type-portfolio-item status-publish has-post-thumbnail hentry portfolio-category-projects-construction portfolio-tag-apartment\">\n\t<div class=\"qodef-e-inner\">\n\t\t\t<div class=\"qodef-e-media-image qodef--background\" style=\"background-image: url( https:\/\/lxroller.com\/wp-content\/uploads\/2019\/02\/Rua-da-Cruz-a-Alcantara_Lx-Roller_LCC_005.jpg)\">\n\t\t<img decoding=\"async\" width=\"2048\" height=\"1365\" src=\"https:\/\/lxroller.com\/wp-content\/uploads\/2019\/02\/Rua-da-Cruz-a-Alcantara_Lx-Roller_LCC_005.jpg\" class=\"attachment-full size-full wp-post-image\" alt=\"\" srcset=\"https:\/\/lxroller.com\/wp-content\/uploads\/2019\/02\/Rua-da-Cruz-a-Alcantara_Lx-Roller_LCC_005.jpg 2048w, https:\/\/lxroller.com\/wp-content\/uploads\/2019\/02\/Rua-da-Cruz-a-Alcantara_Lx-Roller_LCC_005-300x200.jpg 300w, https:\/\/lxroller.com\/wp-content\/uploads\/2019\/02\/Rua-da-Cruz-a-Alcantara_Lx-Roller_LCC_005-1024x683.jpg 1024w, https:\/\/lxroller.com\/wp-content\/uploads\/2019\/02\/Rua-da-Cruz-a-Alcantara_Lx-Roller_LCC_005-768x512.jpg 768w, https:\/\/lxroller.com\/wp-content\/uploads\/2019\/02\/Rua-da-Cruz-a-Alcantara_Lx-Roller_LCC_005-1536x1024.jpg 1536w, https:\/\/lxroller.com\/wp-content\/uploads\/2019\/02\/Rua-da-Cruz-a-Alcantara_Lx-Roller_LCC_005-600x400.jpg 600w\" sizes=\"(max-width: 2048px) 100vw, 2048px\" \/>\t<\/div>\n\t\t<div class=\"qodef-e-content\">\n\t\t\t<div class=\"qodef-e-content-inner\">\n\t\t\t\t<div class=\"qodef-e-text\">\n\t\t\t\t\t<h4 itemprop=\"name\" class=\"qodef-e-title entry-title\" >\n\t<a itemprop=\"url\" class=\"qodef-e-title-link\" href=\"https:\/\/lxroller.com\/en\/portfolio-item\/1-bedroom-apartment-cruz17-alcantara\/\" target=\"_self\">\n\t\t1-BEDROOM APARTMENT CRUZ17 &#8211; ALCANTARA\t<\/a>\n<\/h4>\n\t\t\t\t<\/div>\n\t\t\t\t<div class=\"qodef-e-top-holder\">\n\t\t\t\t\t<div class=\"qodef-e-info\">\n\t\t\t\t\t\t\t<div class=\"qodef-category-holder\">\n\t\t<a href=\"https:\/\/lxroller.com\/en\/portfolio-category\/projects-construction\/\" rel=\"tag\">Projects &amp; Construction<\/a>\t<\/div>\n\t\t\t\t\t<\/div>\n\t\t\t\t<\/div>\n\t\t\t<\/div>\n\t\t<\/div>\n\t\t<a itemprop=\"url\" class=\"qodef-e-post-link\" href=\"https:\/\/lxroller.com\/en\/portfolio-item\/1-bedroom-apartment-cruz17-alcantara\/\" target=\"_self\"><\/a>\n\t<\/div>\n<\/article>\n<article class=\"qodef-e swiper-slide  post-10147 portfolio-item type-portfolio-item status-publish has-post-thumbnail hentry portfolio-category-projetos-construcao portfolio-tag-apartamento\">\n\t<div class=\"qodef-e-inner\">\n\t\t\t<div class=\"qodef-e-media-image qodef--background\" style=\"background-image: url( https:\/\/lxroller.com\/wp-content\/uploads\/2022\/02\/2022-MORADIA-T4-ALVITO-sala-scaled.jpg)\">\n\t\t<img loading=\"lazy\" decoding=\"async\" width=\"2560\" height=\"1723\" src=\"https:\/\/lxroller.com\/wp-content\/uploads\/2022\/02\/2022-MORADIA-T4-ALVITO-sala-scaled.jpg\" class=\"attachment-full size-full wp-post-image\" alt=\"\" srcset=\"https:\/\/lxroller.com\/wp-content\/uploads\/2022\/02\/2022-MORADIA-T4-ALVITO-sala-scaled.jpg 2560w, https:\/\/lxroller.com\/wp-content\/uploads\/2022\/02\/2022-MORADIA-T4-ALVITO-sala-300x202.jpg 300w, https:\/\/lxroller.com\/wp-content\/uploads\/2022\/02\/2022-MORADIA-T4-ALVITO-sala-1024x689.jpg 1024w, https:\/\/lxroller.com\/wp-content\/uploads\/2022\/02\/2022-MORADIA-T4-ALVITO-sala-768x517.jpg 768w, https:\/\/lxroller.com\/wp-content\/uploads\/2022\/02\/2022-MORADIA-T4-ALVITO-sala-1536x1034.jpg 1536w, https:\/\/lxroller.com\/wp-content\/uploads\/2022\/02\/2022-MORADIA-T4-ALVITO-sala-2048x1378.jpg 2048w, https:\/\/lxroller.com\/wp-content\/uploads\/2022\/02\/2022-MORADIA-T4-ALVITO-sala-600x404.jpg 600w\" sizes=\"(max-width: 2560px) 100vw, 2560px\" \/>\t<\/div>\n\t\t<div class=\"qodef-e-content\">\n\t\t\t<div class=\"qodef-e-content-inner\">\n\t\t\t\t<div class=\"qodef-e-text\">\n\t\t\t\t\t<h4 itemprop=\"name\" class=\"qodef-e-title entry-title\" >\n\t<a itemprop=\"url\" class=\"qodef-e-title-link\" href=\"https:\/\/lxroller.com\/en\/portfolio-item\/moradia-t4-alvito\/\" target=\"_self\">\n\t\tMORADIA T4 ALVITO\t<\/a>\n<\/h4>\n\t\t\t\t<\/div>\n\t\t\t\t<div class=\"qodef-e-top-holder\">\n\t\t\t\t\t<div class=\"qodef-e-info\">\n\t\t\t\t\t\t\t<div class=\"qodef-category-holder\">\n\t\t<a href=\"https:\/\/lxroller.com\/portfolio-category\/projetos-construcao\/\" rel=\"tag\">Projectos &amp; Constru\u00e7\u00e3o<\/a>\t<\/div>\n\t\t\t\t\t<\/div>\n\t\t\t\t<\/div>\n\t\t\t<\/div>\n\t\t<\/div>\n\t\t<a itemprop=\"url\" class=\"qodef-e-post-link\" href=\"https:\/\/lxroller.com\/en\/portfolio-item\/moradia-t4-alvito\/\" target=\"_self\"><\/a>\n\t<\/div>\n<\/article>\n\t\t<\/div>\n\t\t\t<div class=\"swiper-pagination\"><\/div>\n\t<\/div>\n<\/div>\n\t\t\t\t<\/div>\n\t\t\t\t<\/div>\n\t\t\t\t\t<\/div>\n\t\t<\/div>\n\t\t\t\t\t<\/div>\n\t\t<\/section>\n\t\t\t\t<section class=\"elementor-section elementor-top-section elementor-element elementor-element-7c305ef elementor-section-full_width elementor-reverse-tablet elementor-reverse-mobile elementor-section-height-default elementor-section-height-default qodef-elementor-content-no qodef-elementor-column-no\" data-id=\"7c305ef\" data-element_type=\"section\" data-e-type=\"section\" data-settings=\"{&quot;background_background&quot;:&quot;classic&quot;}\">\n\t\t\t\t\t\t<div class=\"elementor-container elementor-column-gap-default\">\n\t\t\t\t\t<div class=\"elementor-column elementor-col-100 elementor-top-column elementor-element elementor-element-530054f\" data-id=\"530054f\" data-element_type=\"column\" data-e-type=\"column\">\n\t\t\t<div class=\"elementor-widget-wrap elementor-element-populated\">\n\t\t\t\t\t\t<div class=\"elementor-element elementor-element-0e38717 elementor-widget elementor-widget-heading\" data-id=\"0e38717\" data-element_type=\"widget\" data-e-type=\"widget\" data-widget_type=\"heading.default\">\n\t\t\t\t\t<h3 class=\"elementor-heading-title elementor-size-default\">LXROLLER<\/h3>\t\t\t\t<\/div>\n\t\t\t\t<div class=\"elementor-element elementor-element-a3ef86c elementor-widget elementor-widget-heading\" data-id=\"a3ef86c\" data-element_type=\"widget\" data-e-type=\"widget\" data-widget_type=\"heading.default\">\n\t\t\t\t\t<h3 class=\"elementor-heading-title elementor-size-default\">Integrated Solutions in Real Estate, Projects, and Construction<\/h3>\t\t\t\t<\/div>\n\t\t\t\t<div class=\"elementor-element elementor-element-19e63fc elementor-widget elementor-widget-text-editor\" data-id=\"19e63fc\" data-element_type=\"widget\" data-e-type=\"widget\" data-widget_type=\"text-editor.default\">\n\t\t\t\t\t\t\t\t\t<p>At <strong>LXROLLER<\/strong>, we combine engineering rigor with architectural vision to cover the complete real estate asset cycle. With a solid track record in Portugal and the international market, our mission is to transform obsolete spaces into valuable assets, ready to be lived in or monetized.<\/p><p><strong>Living Homes: Because Every Case is Unique<\/strong><\/p><p>We believe that architecture should serve people, and not the other way around. For us, there are no ready-made formulas: <strong>each house is a unique project, personalized for those who live in it.<\/strong> We design and build spaces adapted to the reality, routines, and dreams of each client, ensuring that the home&#8217;s dynamics flow naturally with their lifestyle.<\/p><p><strong>Pioneering Spirit and Strategic Vision<\/strong><\/p><p>More than builders, we are strategists. We are proud to have been <strong>pioneers in the development of neighborhoods in Lisbon<\/strong>, anticipating trends and believing in the potential of city areas before the market discovered them. This vision allows us to identify opportunities where others see no potential, multiplying profitability for our clients.<\/p><p><strong>From Large Scale to Rehabilitation Detail<\/strong><\/p><p>Our portfolio ranges from the management of large subdivisions and new builds with thousands of square meters to the meticulous restoration of built heritage. We are specialists in restoring the residential function to historical or ruined properties, focusing on what is essential:<\/p><ul><li><strong>The &#8220;Invisible Works&#8221;:<\/strong> Total rigor in structure and networks to ensure durability.<\/li><li><strong>Real Functionality:<\/strong> Spaces made to be used (and not just photographed), with kitchens ready for great recipes and living rooms ready for life.<\/li><\/ul><p><strong>The LXROLLER 360\u00ba Cycle (Turnkey)<\/strong><\/p><p>We offer vertical &#8220;Turnkey&#8221; management that guarantees total peace of mind:<\/p><ul><li><strong>Projects and Licensing:<\/strong> Integrated Architecture and Engineering.<\/li><li><strong>Construction and Rehabilitation:<\/strong> Rigorous execution and permanent monitoring.<\/li><li><strong>Furnishing and Decoration:<\/strong> We deliver the house ready to move in, with every detail thought out by us and dreamed of by those who will live there.<\/li><li><strong>Real Estate Management:<\/strong> Rental and sales strategies to close the value cycle according to the market and desired profitability.<\/li><\/ul><p> <\/p><h4 style=\"text-align: center;\"><strong>At LXROLLER, we treat the invisible with technical rigor and the visible with soul.<\/strong><\/h4>\t\t\t\t\t\t\t\t<\/div>\n\t\t\t\t<div class=\"elementor-element elementor-element-6513cb4 elementor-widget elementor-widget-hiroshi_core_button\" data-id=\"6513cb4\" data-element_type=\"widget\" data-e-type=\"widget\" data-widget_type=\"hiroshi_core_button.default\">\n\t\t\t\t<div class=\"elementor-widget-container\">\n\t\t\t\t\t<a class=\"qodef-shortcode qodef-m qodef-button qodef-layout--textual qodef-html--link\" href=\"\/lxroller\" target=\"_self\"  >\n\t<span class=\"qodef-m-text\">learn more<\/span>\n<\/a>\n\t\t\t\t<\/div>\n\t\t\t\t<\/div>\n\t\t\t\t\t<\/div>\n\t\t<\/div>\n\t\t\t\t\t<\/div>\n\t\t<\/section>\n\t\t\t\t<\/div>\n\t\t","protected":false},"excerpt":{"rendered":"<p>APARTAMENTO T4 HELIODORO GRA\u00c7A Projectos &amp; Constru\u00e7\u00e3o APARTAMENTO T1 JUNQUEIRA BEL\u00c9M Projectos &amp; Constru\u00e7\u00e3o APARTAMENTO T1 CRUZ17 &#8211; ALCANTARA Projectos &amp; Constru\u00e7\u00e3o MORADIA T4 ALVITO Projectos &amp; Constru\u00e7\u00e3o LXROLLER Integrated Solutions in Real Estate, Projects, and Construction At LXROLLER, we combine engineering rigor with architectural vision to cover the complete real estate asset cycle. With [&hellip;]<\/p>\n","protected":false},"author":1,"featured_media":0,"parent":0,"menu_order":0,"comment_status":"closed","ping_status":"closed","template":"page-full-width.php","meta":{"footnotes":""},"class_list":["post-11115","page","type-page","status-publish","hentry"],"_links":{"self":[{"href":"https:\/\/lxroller.com\/en\/wp-json\/wp\/v2\/pages\/11115","targetHints":{"allow":["GET"]}}],"collection":[{"href":"https:\/\/lxroller.com\/en\/wp-json\/wp\/v2\/pages"}],"about":[{"href":"https:\/\/lxroller.com\/en\/wp-json\/wp\/v2\/types\/page"}],"author":[{"embeddable":true,"href":"https:\/\/lxroller.com\/en\/wp-json\/wp\/v2\/users\/1"}],"replies":[{"embeddable":true,"href":"https:\/\/lxroller.com\/en\/wp-json\/wp\/v2\/comments?post=11115"}],"version-history":[{"count":23,"href":"https:\/\/lxroller.com\/en\/wp-json\/wp\/v2\/pages\/11115\/revisions"}],"predecessor-version":[{"id":11203,"href":"https:\/\/lxroller.com\/en\/wp-json\/wp\/v2\/pages\/11115\/revisions\/11203"}],"wp:attachment":[{"href":"https:\/\/lxroller.com\/en\/wp-json\/wp\/v2\/media?parent=11115"}],"curies":[{"name":"wp","href":"https:\/\/api.w.org\/{rel}","templated":true}]}}